{"id":11120,"date":"2020-08-31T11:11:56","date_gmt":"2020-08-31T08:11:56","guid":{"rendered":"https:\/\/umram.bilkent.edu.tr\/?page_id=11120"},"modified":"2021-03-17T10:18:05","modified_gmt":"2021-03-17T07:18:05","slug":"tez-sunumlari","status":"publish","type":"page","link":"https:\/\/umram.bilkent.edu.tr\/index.php\/tr\/tez-sunumlari\/","title":{"rendered":"Tez Sunumlar\u0131"},"content":{"rendered":"<section class=\"kc-elm kc-css-441310 kc_row\"><div class=\"kc-row-container  kc-container\"><div class=\"kc-wrap-columns\"><div class=\"kc-elm kc-css-774236 kc_col-sm-12 kc_column kc_col-sm-12\"><div class=\"kc-col-container\">\n<div class=\"kc-elm kc-css-726814 kc-title-wrap \">\n\n\t<h1 class=\"kc_title\">Tez Sunumlar\u0131<\/h1>\n<\/div>\n\n<div class=\"kc-elm kc-css-58338 kc-blog-posts kc-blog-posts-2 kc-image-align-both\">\n\t\n\t\t\n\t\t\t\t<div class=\"kc-list-item-2\">\n\n\t\t\t\t\t\n\t\t\t\t\t\t<div class=\"post-item-left\">\n\t\t\t\t\t\t\t<div class=\"post_details\">\n\t\t\t\t\t\t\t\t<h2 class=\"post-title-alt\"><a\n\t\t\t\t\t\t\t\t\t\thref=\"https:\/\/umram.bilkent.edu.tr\/index.php\/tr\/2022\/02\/14\/yuksek-lisans-mezuniyeti-laleh-eskandarian\/\"\n\t\t\t\t\t\t\t\t\t\ttitle=\"Y\u00fcksek Lisans Mezuniyeti: Laleh Eskandarian\">Y\u00fcksek Lisans Mezuniyeti: Laleh Eskandarian<\/a>\n\t\t\t\t\t\t\t\t<\/h2>\n\t\t\t\t\t\t\t\t\t\t\t\t\t\t\t\t\t<div class=\"post-meta\">\n\t\t\t\t\t\t\t\t\t\t\t\t\t\t\t\t\t\t\t\t\t\t\t\t\t\t\t\t\t\t\t\t\t\t\t\t\t\t\t\t\t\t\t\t\t\t\t\t\t\t\t\t\t<span class=\"post-cats\"><i class=\"fa fa-folder-o\"\n\t\t\t\t\t\t\t\t\t\t\t                           aria-hidden=\"true\"><\/i> <a href=\"https:\/\/umram.bilkent.edu.tr\/index.php\/tr\/category\/duyurular\/\" rel=\"category tag\">duyurular<\/a>, <a href=\"https:\/\/umram.bilkent.edu.tr\/index.php\/tr\/category\/tez-sunumlari\/\" rel=\"category tag\">Tez Sunumlar\u0131<\/a><\/span>\n\t\t\t\t\t\t\t\t\t\t\t\t\t\t\t\t\t\t\t\t\t\t\t\t\t\t\t\t\t\t<\/div>\n\t\t\t\t\t\t\t\t\t\t\t\t\t\t\t<\/div>\n\t\t\t\t\t\t\t\t\t\t\t\t\t\t\t<p>Laleh Eskandarian 4 \u015eubat 2022 tarihinde ''Structural connectivity alters in Pediatric Systemic Lupus Erythematosus prior to neuropsychiatric manifestations'' ba\u015fl\u0131kl\u0131 tez&hellip;<\/p>\n\t\t\t\t\t\t\t\t\t\t\t\t\t\t<a href=\"https:\/\/umram.bilkent.edu.tr\/index.php\/tr\/2022\/02\/14\/yuksek-lisans-mezuniyeti-laleh-eskandarian\/\"\n\t\t\t\t\t\t\t   class=\"kc-post-2-button\">Read more <i\n\t\t\t\t\t\t\t\t\tclass=\"fa fa-angle-right\" aria-hidden=\"true\"><\/i><\/a>\n\t\t\t\t\t\t\t\t\t\t\t\t\t<\/div>\n\t\t\t\t\t\t<div class=\"post-item-right\">\n\t\t\t\t\t\t\t<figure>\n\t\t\t\t\t\t\t\t<img src=\"https:\/\/umram.bilkent.edu.tr\/wp-content\/uploads\/2022\/02\/laleh-1-543x304xct.jpg\"\n\t\t\t\t\t\t\t\t     alt=\"Y\u00fcksek Lisans Mezuniyeti: Laleh Eskandarian\">\n\t\t\t\t\t\t\t<\/figure>\n\t\t\t\t\t\t<\/div>\n\n\t\t\t\t\t\n\t\t\t\t<\/div>\n\n\t\t\t\t\n\t\t\t\t<div class=\"kc-list-item-2\">\n\n\t\t\t\t\t\t\t\t\t\t\t\t\t\t\t\t\t\t<div class=\"post-item-left\">\n\t\t\t\t\t\t\t\t<figure>\n\t\t\t\t\t\t\t\t\t<img src=\"https:\/\/umram.bilkent.edu.tr\/wp-content\/uploads\/2021\/04\/shutterstock_1382709296-scaled-543x304xct.jpg\"\n\t\t\t\t\t\t\t\t\t     alt=\"Doktora Tez Sunumu: Mustafa \u00dctk\u00fcr\">\n\t\t\t\t\t\t\t\t<\/figure>\n\t\t\t\t\t\t\t<\/div>\n\t\t\t\t\t\t\t\t\t\t\t\t<div class=\"post-item-right\">\n\t\t\t\t\t\t\t<div class=\"post_details\">\n\t\t\t\t\t\t\t\t<h2 class=\"post-title-alt\"><a\n\t\t\t\t\t\t\t\t\t\thref=\"https:\/\/umram.bilkent.edu.tr\/index.php\/tr\/2021\/08\/31\/doktora-tez-sunumu-mustafa-utkur\/\"\n\t\t\t\t\t\t\t\t\t\ttitle=\"Doktora Tez Sunumu: Mustafa \u00dctk\u00fcr\">Doktora Tez Sunumu: Mustafa \u00dctk\u00fcr<\/a>\n\t\t\t\t\t\t\t\t<\/h2>\n\n\t\t\t\t\t\t\t\t\t\t\t\t\t\t\t\t\t<div class=\"post-meta\">\n\t\t\t\t\t\t\t\t\t\t\t\t\t\t\t\t\t\t\t\t\t\t\t\t\t\t\t\t\t\t\t\t\t\t\t\t\t\t\t\t\t\t\t\t\t\t\t\t\t\t\t\t\t<span class=\"post-cats\"><i class=\"fa fa-folder-o\"\n\t\t\t\t\t\t\t\t\t\t\t\t                           aria-hidden=\"true\"><\/i> <a href=\"https:\/\/umram.bilkent.edu.tr\/index.php\/tr\/category\/tez-sunumlari\/\" rel=\"category tag\">Tez Sunumlar\u0131<\/a><\/span>\n\t\t\t\t\t\t\t\t\t\t\t\t\t\t\t\t\t\t\t\t\t\t\t\t\t\t\t\t\t\t<\/div>\n\t\t\t\t\t\t\t\t\t\t\t\t\t\t\t<\/div>\n\t\t\t\t\t\t\t\t\t\t\t\t\t\t\t<p>Cancer Imaging and Treatment Monitoring With Color Magnetic Particle Imaging &nbsp; Mustafa \u00dctk\u00fcr, Elektrik ve Elektronik M\u00fchendisli\u011fi &nbsp; Dan\u0131\u015fman: Do\u00e7.Dr.&hellip;<\/p>\n\t\t\t\t\t\t\t\t\t\t\t\t\t\t<a href=\"https:\/\/umram.bilkent.edu.tr\/index.php\/tr\/2021\/08\/31\/doktora-tez-sunumu-mustafa-utkur\/\"\n\t\t\t\t\t\t\t   class=\"kc-post-2-button\">Read more <i\n\t\t\t\t\t\t\t\t\tclass=\"fa fa-angle-right\" aria-hidden=\"true\"><\/i><\/a>\n\t\t\t\t\t\t\t\t\t\t\t\t\t<\/div>\n\n\t\t\t\t\t\n\t\t\t\t<\/div>\n\n\t\t\t\t\n\t\t\t\t<div class=\"kc-list-item-2\">\n\n\t\t\t\t\t\n\t\t\t\t\t\t<div class=\"post-item-left\">\n\t\t\t\t\t\t\t<div class=\"post_details\">\n\t\t\t\t\t\t\t\t<h2 class=\"post-title-alt\"><a\n\t\t\t\t\t\t\t\t\t\thref=\"https:\/\/umram.bilkent.edu.tr\/index.php\/tr\/2021\/08\/23\/master-tez-sunumu-muzaffer-ozbey\/\"\n\t\t\t\t\t\t\t\t\t\ttitle=\"Master Tez Sunumu: Muzaffer \u00d6zbey\">Master Tez Sunumu: Muzaffer \u00d6zbey<\/a>\n\t\t\t\t\t\t\t\t<\/h2>\n\t\t\t\t\t\t\t\t\t\t\t\t\t\t\t\t\t<div class=\"post-meta\">\n\t\t\t\t\t\t\t\t\t\t\t\t\t\t\t\t\t\t\t\t\t\t\t\t\t\t\t\t\t\t\t\t\t\t\t\t\t\t\t\t\t\t\t\t\t\t\t\t\t\t\t\t\t<span class=\"post-cats\"><i class=\"fa fa-folder-o\"\n\t\t\t\t\t\t\t\t\t\t\t                           aria-hidden=\"true\"><\/i> <a href=\"https:\/\/umram.bilkent.edu.tr\/index.php\/tr\/category\/tez-sunumlari\/\" rel=\"category tag\">Tez Sunumlar\u0131<\/a><\/span>\n\t\t\t\t\t\t\t\t\t\t\t\t\t\t\t\t\t\t\t\t\t\t\t\t\t\t\t\t\t\t<\/div>\n\t\t\t\t\t\t\t\t\t\t\t\t\t\t\t<\/div>\n\t\t\t\t\t\t\t\t\t\t\t\t\t\t\t<p>Progressively Volumetrized Deep Generative Models for Contextual MRI Recovery Muzaffer \u00d6zbey, Elektrik ve Elektronik M\u00fchendisli\u011fi Dan\u0131\u015fman: Do\u00e7.Dr. Tolga \u00c7ukur &nbsp;&hellip;<\/p>\n\t\t\t\t\t\t\t\t\t\t\t\t\t\t<a href=\"https:\/\/umram.bilkent.edu.tr\/index.php\/tr\/2021\/08\/23\/master-tez-sunumu-muzaffer-ozbey\/\"\n\t\t\t\t\t\t\t   class=\"kc-post-2-button\">Read more <i\n\t\t\t\t\t\t\t\t\tclass=\"fa fa-angle-right\" aria-hidden=\"true\"><\/i><\/a>\n\t\t\t\t\t\t\t\t\t\t\t\t\t<\/div>\n\t\t\t\t\t\t<div class=\"post-item-right\">\n\t\t\t\t\t\t\t<figure>\n\t\t\t\t\t\t\t\t<img src=\"https:\/\/umram.bilkent.edu.tr\/wp-content\/uploads\/2021\/04\/shutterstock_1382709296-scaled-543x304xct.jpg\"\n\t\t\t\t\t\t\t\t     alt=\"Master Tez Sunumu: Muzaffer \u00d6zbey\">\n\t\t\t\t\t\t\t<\/figure>\n\t\t\t\t\t\t<\/div>\n\n\t\t\t\t\t\n\t\t\t\t<\/div>\n\n\t\t\t\t\n\t\t\t\t<div class=\"kc-list-item-2\">\n\n\t\t\t\t\t\t\t\t\t\t\t\t\t\t\t\t\t\t<div class=\"post-item-left\">\n\t\t\t\t\t\t\t\t<figure>\n\t\t\t\t\t\t\t\t\t<img src=\"https:\/\/umram.bilkent.edu.tr\/wp-content\/uploads\/2021\/04\/shutterstock_1382709296-scaled-543x304xct.jpg\"\n\t\t\t\t\t\t\t\t\t     alt=\"Doktora Tez Sunumu: \u0130brahim Kiremit\u00e7i\">\n\t\t\t\t\t\t\t\t<\/figure>\n\t\t\t\t\t\t\t<\/div>\n\t\t\t\t\t\t\t\t\t\t\t\t<div class=\"post-item-right\">\n\t\t\t\t\t\t\t<div class=\"post_details\">\n\t\t\t\t\t\t\t\t<h2 class=\"post-title-alt\"><a\n\t\t\t\t\t\t\t\t\t\thref=\"https:\/\/umram.bilkent.edu.tr\/index.php\/tr\/2021\/08\/20\/doktora-tez-sunumu-ibrahim-kiremitci\/\"\n\t\t\t\t\t\t\t\t\t\ttitle=\"Doktora Tez Sunumu: \u0130brahim Kiremit\u00e7i\">Doktora Tez Sunumu: \u0130brahim Kiremit\u00e7i<\/a>\n\t\t\t\t\t\t\t\t<\/h2>\n\n\t\t\t\t\t\t\t\t\t\t\t\t\t\t\t\t\t<div class=\"post-meta\">\n\t\t\t\t\t\t\t\t\t\t\t\t\t\t\t\t\t\t\t\t\t\t\t\t\t\t\t\t\t\t\t\t\t\t\t\t\t\t\t\t\t\t\t\t\t\t\t\t\t\t\t\t\t<span class=\"post-cats\"><i class=\"fa fa-folder-o\"\n\t\t\t\t\t\t\t\t\t\t\t\t                           aria-hidden=\"true\"><\/i> <a href=\"https:\/\/umram.bilkent.edu.tr\/index.php\/tr\/category\/tez-sunumlari\/\" rel=\"category tag\">Tez Sunumlar\u0131<\/a><\/span>\n\t\t\t\t\t\t\t\t\t\t\t\t\t\t\t\t\t\t\t\t\t\t\t\t\t\t\t\t\t\t<\/div>\n\t\t\t\t\t\t\t\t\t\t\t\t\t\t\t<\/div>\n\t\t\t\t\t\t\t\t\t\t\t\t\t\t\t<p>Sinirbilim Doktora Tez Sunumu \u00a0 \u00a0 \u00a0NATURAL SPEECH REPRESENTATIONS IN THE HUMAN BRAIN DURING A COCKTAIL PARTY\u00a0 \u0130brahim Kiremit\u00e7i Dan\u0131\u015fman:&hellip;<\/p>\n\t\t\t\t\t\t\t\t\t\t\t\t\t\t<a href=\"https:\/\/umram.bilkent.edu.tr\/index.php\/tr\/2021\/08\/20\/doktora-tez-sunumu-ibrahim-kiremitci\/\"\n\t\t\t\t\t\t\t   class=\"kc-post-2-button\">Read more <i\n\t\t\t\t\t\t\t\t\tclass=\"fa fa-angle-right\" aria-hidden=\"true\"><\/i><\/a>\n\t\t\t\t\t\t\t\t\t\t\t\t\t<\/div>\n\n\t\t\t\t\t\n\t\t\t\t<\/div>\n\n\t\t\t\t\n\t\t\t\t<div class=\"kc-list-item-2\">\n\n\t\t\t\t\t\n\t\t\t\t\t\t<div class=\"post-item-left\">\n\t\t\t\t\t\t\t<div class=\"post_details\">\n\t\t\t\t\t\t\t\t<h2 class=\"post-title-alt\"><a\n\t\t\t\t\t\t\t\t\t\thref=\"https:\/\/umram.bilkent.edu.tr\/index.php\/tr\/2021\/08\/20\/master-tez-sunumu-irem-akdogan\/\"\n\t\t\t\t\t\t\t\t\t\ttitle=\"Master Tez Sunumu: \u0130rem Akdo\u011fan\">Master Tez Sunumu: \u0130rem Akdo\u011fan<\/a>\n\t\t\t\t\t\t\t\t<\/h2>\n\t\t\t\t\t\t\t\t\t\t\t\t\t\t\t\t\t<div class=\"post-meta\">\n\t\t\t\t\t\t\t\t\t\t\t\t\t\t\t\t\t\t\t\t\t\t\t\t\t\t\t\t\t\t\t\t\t\t\t\t\t\t\t\t\t\t\t\t\t\t\t\t\t\t\t\t\t<span class=\"post-cats\"><i class=\"fa fa-folder-o\"\n\t\t\t\t\t\t\t\t\t\t\t                           aria-hidden=\"true\"><\/i> <a href=\"https:\/\/umram.bilkent.edu.tr\/index.php\/tr\/category\/tez-sunumlari\/\" rel=\"category tag\">Tez Sunumlar\u0131<\/a><\/span>\n\t\t\t\t\t\t\t\t\t\t\t\t\t\t\t\t\t\t\t\t\t\t\t\t\t\t\t\t\t\t<\/div>\n\t\t\t\t\t\t\t\t\t\t\t\t\t\t\t<\/div>\n\t\t\t\t\t\t\t\t\t\t\t\t\t\t\t<p>\u201cNeurophysiological Investigation of Contrast Ratio Effects on Metacontrast Masking\u201d &nbsp; Sinirbilim Dan\u0131\u015fman: Asst. Prof. Hulusi Kafal\u0131g\u00f6n\u00fcl &nbsp; Tarih: 26 A\u011fustos&hellip;<\/p>\n\t\t\t\t\t\t\t\t\t\t\t\t\t\t<a href=\"https:\/\/umram.bilkent.edu.tr\/index.php\/tr\/2021\/08\/20\/master-tez-sunumu-irem-akdogan\/\"\n\t\t\t\t\t\t\t   class=\"kc-post-2-button\">Read more <i\n\t\t\t\t\t\t\t\t\tclass=\"fa fa-angle-right\" aria-hidden=\"true\"><\/i><\/a>\n\t\t\t\t\t\t\t\t\t\t\t\t\t<\/div>\n\t\t\t\t\t\t<div class=\"post-item-right\">\n\t\t\t\t\t\t\t<figure>\n\t\t\t\t\t\t\t\t<img src=\"https:\/\/umram.bilkent.edu.tr\/wp-content\/uploads\/2021\/04\/shutterstock_1382709296-scaled-543x304xct.jpg\"\n\t\t\t\t\t\t\t\t     alt=\"Master Tez Sunumu: \u0130rem Akdo\u011fan\">\n\t\t\t\t\t\t\t<\/figure>\n\t\t\t\t\t\t<\/div>\n\n\t\t\t\t\t\n\t\t\t\t<\/div>\n\n\t\t\t\t\n\t\t\t\t<div class=\"kc-list-item-2\">\n\n\t\t\t\t\t\t\t\t\t\t\t\t\t\t\t\t\t\t<div class=\"post-item-left\">\n\t\t\t\t\t\t\t\t<figure>\n\t\t\t\t\t\t\t\t\t<img src=\"https:\/\/umram.bilkent.edu.tr\/wp-content\/uploads\/2021\/04\/shutterstock_1382709296-scaled-543x304xct.jpg\"\n\t\t\t\t\t\t\t\t\t     alt=\"Doktora Tez Sunumu: Ay\u015fenur Karaduman\">\n\t\t\t\t\t\t\t\t<\/figure>\n\t\t\t\t\t\t\t<\/div>\n\t\t\t\t\t\t\t\t\t\t\t\t<div class=\"post-item-right\">\n\t\t\t\t\t\t\t<div class=\"post_details\">\n\t\t\t\t\t\t\t\t<h2 class=\"post-title-alt\"><a\n\t\t\t\t\t\t\t\t\t\thref=\"https:\/\/umram.bilkent.edu.tr\/index.php\/tr\/2021\/07\/09\/doktora-tez-sunumu-aysenur-karaduman\/\"\n\t\t\t\t\t\t\t\t\t\ttitle=\"Doktora Tez Sunumu: Ay\u015fenur Karaduman\">Doktora Tez Sunumu: Ay\u015fenur Karaduman<\/a>\n\t\t\t\t\t\t\t\t<\/h2>\n\n\t\t\t\t\t\t\t\t\t\t\t\t\t\t\t\t\t<div class=\"post-meta\">\n\t\t\t\t\t\t\t\t\t\t\t\t\t\t\t\t\t\t\t\t\t\t\t\t\t\t\t\t\t\t\t\t\t\t\t\t\t\t\t\t\t\t\t\t\t\t\t\t\t\t\t\t\t<span class=\"post-cats\"><i class=\"fa fa-folder-o\"\n\t\t\t\t\t\t\t\t\t\t\t\t                           aria-hidden=\"true\"><\/i> <a href=\"https:\/\/umram.bilkent.edu.tr\/index.php\/tr\/category\/tez-sunumlari\/\" rel=\"category tag\">Tez Sunumlar\u0131<\/a><\/span>\n\t\t\t\t\t\t\t\t\t\t\t\t\t\t\t\t\t\t\t\t\t\t\t\t\t\t\t\t\t\t<\/div>\n\t\t\t\t\t\t\t\t\t\t\t\t\t\t\t<\/div>\n\t\t\t\t\t\t\t\t\t\t\t\t\t\t\t<p>Investigating Motion Detection of Aging Zebrafish with Optomotor Response\u201d Ay\u015fenur Karaduman Sinirbilim, Bilkent \u00dcniversitesi Dan\u0131\u015fman: Dr.\u00d6\u011fretim \u00dcyesi Hulusi Kafal\u0131g\u00f6n\u00fcl 16&hellip;<\/p>\n\t\t\t\t\t\t\t\t\t\t\t\t\t\t<a href=\"https:\/\/umram.bilkent.edu.tr\/index.php\/tr\/2021\/07\/09\/doktora-tez-sunumu-aysenur-karaduman\/\"\n\t\t\t\t\t\t\t   class=\"kc-post-2-button\">Read more <i\n\t\t\t\t\t\t\t\t\tclass=\"fa fa-angle-right\" aria-hidden=\"true\"><\/i><\/a>\n\t\t\t\t\t\t\t\t\t\t\t\t\t<\/div>\n\n\t\t\t\t\t\n\t\t\t\t<\/div>\n\n\t\t\t\t\n\t\t\t\t<div class=\"kc-list-item-2\">\n\n\t\t\t\t\t\n\t\t\t\t\t\t<div class=\"post-item-left\">\n\t\t\t\t\t\t\t<div class=\"post_details\">\n\t\t\t\t\t\t\t\t<h2 class=\"post-title-alt\"><a\n\t\t\t\t\t\t\t\t\t\thref=\"https:\/\/umram.bilkent.edu.tr\/index.php\/tr\/2021\/06\/29\/master-tez-sunumu-asli-gul-kurt\/\"\n\t\t\t\t\t\t\t\t\t\ttitle=\"Master Tez Sunumu: Asl\u0131 G\u00fcl Kurt\">Master Tez Sunumu: Asl\u0131 G\u00fcl Kurt<\/a>\n\t\t\t\t\t\t\t\t<\/h2>\n\t\t\t\t\t\t\t\t\t\t\t\t\t\t\t\t\t<div class=\"post-meta\">\n\t\t\t\t\t\t\t\t\t\t\t\t\t\t\t\t\t\t\t\t\t\t\t\t\t\t\t\t\t\t\t\t\t\t\t\t\t\t\t\t\t\t\t\t\t\t\t\t\t\t\t\t\t<span class=\"post-cats\"><i class=\"fa fa-folder-o\"\n\t\t\t\t\t\t\t\t\t\t\t                           aria-hidden=\"true\"><\/i> <a href=\"https:\/\/umram.bilkent.edu.tr\/index.php\/tr\/category\/tez-sunumlari\/\" rel=\"category tag\">Tez Sunumlar\u0131<\/a><\/span>\n\t\t\t\t\t\t\t\t\t\t\t\t\t\t\t\t\t\t\t\t\t\t\t\t\t\t\t\t\t\t<\/div>\n\t\t\t\t\t\t\t\t\t\t\t\t\t\t\t<\/div>\n\t\t\t\t\t\t\t\t\t\t\t\t\t\t\t<p>CHARACTERIZING SURROUND SUPPRESSION IN MOTION DIRECTION PERCEPTION &nbsp; Asl\u0131 G\u00fcl Kurt Sinirbilim Dan\u0131\u015fman: Prof. H\u00fcseyin Boyac\u0131 Tarih: 01.07.2021 Saat: 10:30&hellip;<\/p>\n\t\t\t\t\t\t\t\t\t\t\t\t\t\t<a href=\"https:\/\/umram.bilkent.edu.tr\/index.php\/tr\/2021\/06\/29\/master-tez-sunumu-asli-gul-kurt\/\"\n\t\t\t\t\t\t\t   class=\"kc-post-2-button\">Read more <i\n\t\t\t\t\t\t\t\t\tclass=\"fa fa-angle-right\" aria-hidden=\"true\"><\/i><\/a>\n\t\t\t\t\t\t\t\t\t\t\t\t\t<\/div>\n\t\t\t\t\t\t<div class=\"post-item-right\">\n\t\t\t\t\t\t\t<figure>\n\t\t\t\t\t\t\t\t<img src=\"https:\/\/umram.bilkent.edu.tr\/wp-content\/uploads\/2021\/04\/shutterstock_1382709296-scaled-543x304xct.jpg\"\n\t\t\t\t\t\t\t\t     alt=\"Master Tez Sunumu: Asl\u0131 G\u00fcl Kurt\">\n\t\t\t\t\t\t\t<\/figure>\n\t\t\t\t\t\t<\/div>\n\n\t\t\t\t\t\n\t\t\t\t<\/div>\n\n\t\t\t\t\n\t\t\t\t<div class=\"kc-list-item-2\">\n\n\t\t\t\t\t\t\t\t\t\t\t\t\t\t\t\t\t\t<div class=\"post-item-left\">\n\t\t\t\t\t\t\t\t<figure>\n\t\t\t\t\t\t\t\t\t<img src=\"https:\/\/umram.bilkent.edu.tr\/wp-content\/uploads\/2021\/04\/thesis-icon-scaled-543x304xct.jpg\"\n\t\t\t\t\t\t\t\t\t     alt=\"Doktora Tez Sunumu, Elif Karo\u011flu Erav\u015far, NSC\">\n\t\t\t\t\t\t\t\t<\/figure>\n\t\t\t\t\t\t\t<\/div>\n\t\t\t\t\t\t\t\t\t\t\t\t<div class=\"post-item-right\">\n\t\t\t\t\t\t\t<div class=\"post_details\">\n\t\t\t\t\t\t\t\t<h2 class=\"post-title-alt\"><a\n\t\t\t\t\t\t\t\t\t\thref=\"https:\/\/umram.bilkent.edu.tr\/index.php\/tr\/2021\/04\/30\/doktora-tez-sunumu-elif-karoglu-eravsar-nsc\/\"\n\t\t\t\t\t\t\t\t\t\ttitle=\"Doktora Tez Sunumu, Elif Karo\u011flu Erav\u015far, NSC\">Doktora Tez Sunumu, Elif Karo\u011flu Erav\u015far, NSC<\/a>\n\t\t\t\t\t\t\t\t<\/h2>\n\n\t\t\t\t\t\t\t\t\t\t\t\t\t\t\t\t\t<div class=\"post-meta\">\n\t\t\t\t\t\t\t\t\t\t\t\t\t\t\t\t\t\t\t\t\t\t\t\t\t\t\t\t\t\t\t\t\t\t\t\t\t\t\t\t\t\t\t\t\t\t\t\t\t\t\t\t\t<span class=\"post-cats\"><i class=\"fa fa-folder-o\"\n\t\t\t\t\t\t\t\t\t\t\t\t                           aria-hidden=\"true\"><\/i> <a href=\"https:\/\/umram.bilkent.edu.tr\/index.php\/tr\/category\/tez-sunumlari\/\" rel=\"category tag\">Tez Sunumlar\u0131<\/a><\/span>\n\t\t\t\t\t\t\t\t\t\t\t\t\t\t\t\t\t\t\t\t\t\t\t\t\t\t\t\t\t\t<\/div>\n\t\t\t\t\t\t\t\t\t\t\t\t\t\t\t<\/div>\n\t\t\t\t\t\t\t\t\t\t\t\t\t\t\t<p>GENETIC AND ENVIRONMENTAL INTERVENTIONS ALTERING THE COURSE OF BRAIN AGING: EVIDENCE FROM ZEBRAFISH (DANIO RERIO) MODEL &nbsp; Elif Tu\u011fce Karo\u011flu&hellip;<\/p>\n\t\t\t\t\t\t\t\t\t\t\t\t\t\t<a href=\"https:\/\/umram.bilkent.edu.tr\/index.php\/tr\/2021\/04\/30\/doktora-tez-sunumu-elif-karoglu-eravsar-nsc\/\"\n\t\t\t\t\t\t\t   class=\"kc-post-2-button\">Read more <i\n\t\t\t\t\t\t\t\t\tclass=\"fa fa-angle-right\" aria-hidden=\"true\"><\/i><\/a>\n\t\t\t\t\t\t\t\t\t\t\t\t\t<\/div>\n\n\t\t\t\t\t\n\t\t\t\t<\/div>\n\n\t\t\t\t\n\t\n<\/div>\n<\/div><\/div><\/div><\/div><\/section>\n","protected":false},"excerpt":{"rendered":"","protected":false},"author":1,"featured_media":0,"parent":0,"menu_order":0,"comment_status":"closed","ping_status":"closed","template":"","meta":[],"_links":{"self":[{"href":"https:\/\/umram.bilkent.edu.tr\/index.php\/wp-json\/wp\/v2\/pages\/11120"}],"collection":[{"href":"https:\/\/umram.bilkent.edu.tr\/index.php\/wp-json\/wp\/v2\/pages"}],"about":[{"href":"https:\/\/umram.bilkent.edu.tr\/index.php\/wp-json\/wp\/v2\/types\/page"}],"author":[{"embeddable":true,"href":"https:\/\/umram.bilkent.edu.tr\/index.php\/wp-json\/wp\/v2\/users\/1"}],"replies":[{"embeddable":true,"href":"https:\/\/umram.bilkent.edu.tr\/index.php\/wp-json\/wp\/v2\/comments?post=11120"}],"version-history":[{"count":4,"href":"https:\/\/umram.bilkent.edu.tr\/index.php\/wp-json\/wp\/v2\/pages\/11120\/revisions"}],"predecessor-version":[{"id":11490,"href":"https:\/\/umram.bilkent.edu.tr\/index.php\/wp-json\/wp\/v2\/pages\/11120\/revisions\/11490"}],"wp:attachment":[{"href":"https:\/\/umram.bilkent.edu.tr\/index.php\/wp-json\/wp\/v2\/media?parent=11120"}],"curies":[{"name":"wp","href":"https:\/\/api.w.org\/{rel}","templated":true}]}}