{"id":11966,"date":"2023-10-10T13:45:13","date_gmt":"2023-10-10T10:45:13","guid":{"rendered":"https:\/\/umram.bilkent.edu.tr\/?page_id=11966"},"modified":"2023-10-10T15:15:00","modified_gmt":"2023-10-10T12:15:00","slug":"mr-kullanim-prosedurleri","status":"publish","type":"page","link":"https:\/\/umram.bilkent.edu.tr\/index.php\/tr\/mr-kullanim-prosedurleri\/","title":{"rendered":"MR Kullan\u0131m Prosed\u00fcrleri"},"content":{"rendered":"<section class=\"kc-elm kc-css-295300 kc_row\"><div class=\"kc-row-container  kc-container\"><div class=\"kc-wrap-columns\"><div class=\"kc-elm kc-css-747910 kc_col-sm-12 kc_column kc_col-sm-12\"><div class=\"kc-col-container\">\n<div class=\"kc-elm kc-css-749449 kc-blog-posts kc-blog-posts-2 kc-image-align-both\">\n\t\n\t\t\n\t\t\t\t<div class=\"kc-list-item-2\">\n\n\t\t\t\t\t\n\t\t\t\t\t\t<div class=\"post-item-left\">\n\t\t\t\t\t\t\t<div class=\"post_details\">\n\t\t\t\t\t\t\t\t<h2 class=\"post-title-alt\"><a\n\t\t\t\t\t\t\t\t\t\thref=\"https:\/\/umram.bilkent.edu.tr\/index.php\/tr\/2023\/10\/10\/3t-tarayici-icin-yeni-takvim-proseduru\/\"\n\t\t\t\t\t\t\t\t\t\ttitle=\"3T Taray\u0131c\u0131 i\u00e7in Yeni Takvim Prosed\u00fcr\u00fc\">3T Taray\u0131c\u0131 i\u00e7in Yeni Takvim Prosed\u00fcr\u00fc<\/a>\n\t\t\t\t\t\t\t\t<\/h2>\n\t\t\t\t\t\t\t\t\t\t\t\t\t\t\t<\/div>\n\t\t\t\t\t\t\t\t\t\t\t\t\t\t\t<p>Say\u0131n 3T MRI kullan\u0131c\u0131lar\u0131, Mevcut&hellip;<\/p>\n\t\t\t\t\t\t\t\t\t\t\t\t\t\t<a href=\"https:\/\/umram.bilkent.edu.tr\/index.php\/tr\/2023\/10\/10\/3t-tarayici-icin-yeni-takvim-proseduru\/\"\n\t\t\t\t\t\t\t   class=\"kc-post-2-button\">Read more <i\n\t\t\t\t\t\t\t\t\tclass=\"fa fa-angle-right\" aria-hidden=\"true\"><\/i><\/a>\n\t\t\t\t\t\t\t\t\t\t\t\t\t<\/div>\n\t\t\t\t\t\t<div class=\"post-item-right\">\n\t\t\t\t\t\t\t<figure>\n\t\t\t\t\t\t\t\t<img src=\"https:\/\/umram.bilkent.edu.tr\/wp-content\/uploads\/2021\/04\/shutterstock_139997569711111-543x304xct.png\"\n\t\t\t\t\t\t\t\t     alt=\"3T Taray\u0131c\u0131 i\u00e7in Yeni Takvim Prosed\u00fcr\u00fc\">\n\t\t\t\t\t\t\t<\/figure>\n\t\t\t\t\t\t<\/div>\n\n\t\t\t\t\t\n\t\t\t\t<\/div>\n\n\t\t\t\t\n\t\t\t\t<div class=\"kc-list-item-2\">\n\n\t\t\t\t\t\t\t\t\t\t\t\t\t\t\t\t\t\t<div class=\"post-item-left\">\n\t\t\t\t\t\t\t\t<figure>\n\t\t\t\t\t\t\t\t\t<img src=\"https:\/\/umram.bilkent.edu.tr\/wp-content\/uploads\/2021\/04\/shutterstock_139997569711111-543x304xct.png\"\n\t\t\t\t\t\t\t\t\t     alt=\"UMRAM 3T \u00c7izelgesini Kullanma Kurallar\u0131 G\u00fcncellemesi\">\n\t\t\t\t\t\t\t\t<\/figure>\n\t\t\t\t\t\t\t<\/div>\n\t\t\t\t\t\t\t\t\t\t\t\t<div class=\"post-item-right\">\n\t\t\t\t\t\t\t<div class=\"post_details\">\n\t\t\t\t\t\t\t\t<h2 class=\"post-title-alt\"><a\n\t\t\t\t\t\t\t\t\t\thref=\"https:\/\/umram.bilkent.edu.tr\/index.php\/tr\/2021\/04\/09\/umram-3t-cizelgesini-kullanma-kurallari-guncellemesi\/\"\n\t\t\t\t\t\t\t\t\t\ttitle=\"UMRAM 3T \u00c7izelgesini Kullanma Kurallar\u0131 G\u00fcncellemesi\">UMRAM 3T \u00c7izelgesini Kullanma Kurallar\u0131 G\u00fcncellemesi<\/a>\n\t\t\t\t\t\t\t\t<\/h2>\n\n\t\t\t\t\t\t\t\t\t\t\t\t\t\t\t<\/div>\n\t\t\t\t\t\t\t\t\t\t\t\t\t\t\t<p>3T cihaz\u0131 daha verimli kullanabilmek&hellip;<\/p>\n\t\t\t\t\t\t\t\t\t\t\t\t\t\t<a href=\"https:\/\/umram.bilkent.edu.tr\/index.php\/tr\/2021\/04\/09\/umram-3t-cizelgesini-kullanma-kurallari-guncellemesi\/\"\n\t\t\t\t\t\t\t   class=\"kc-post-2-button\">Read more <i\n\t\t\t\t\t\t\t\t\tclass=\"fa fa-angle-right\" aria-hidden=\"true\"><\/i><\/a>\n\t\t\t\t\t\t\t\t\t\t\t\t\t<\/div>\n\n\t\t\t\t\t\n\t\t\t\t<\/div>\n\n\t\t\t\t\n\t\t\t\t<div class=\"kc-list-item-2\">\n\n\t\t\t\t\t\n\t\t\t\t\t\t<div class=\"post-item-left\">\n\t\t\t\t\t\t\t<div class=\"post_details\">\n\t\t\t\t\t\t\t\t<h2 class=\"post-title-alt\"><a\n\t\t\t\t\t\t\t\t\t\thref=\"https:\/\/umram.bilkent.edu.tr\/index.php\/tr\/2021\/02\/24\/guncelleme-umram-mr-goruntuleme-cihazi-covid-19-icin-hijyen-prosedurleri-2\/\"\n\t\t\t\t\t\t\t\t\t\ttitle=\"G\u00dcNCELLEME: UMRAM MR G\u00d6R\u00dcNT\u00dcLEME C\u0130HAZI COVID-19 \u0130\u00c7\u0130N H\u0130JYEN PROSED\u00dcRLER\u0130\">G\u00dcNCELLEME: UMRAM MR G\u00d6R\u00dcNT\u00dcLEME C\u0130HAZI COVID-19 \u0130\u00c7\u0130N H\u0130JYEN PROSED\u00dcRLER\u0130<\/a>\n\t\t\t\t\t\t\t\t<\/h2>\n\t\t\t\t\t\t\t\t\t\t\t\t\t\t\t<\/div>\n\t\t\t\t\t\t\t\t\t\t\t\t\t\t\t<p>MR kullan\u0131c\u0131lar\u0131n\u0131n, kat\u0131l\u0131mc\u0131lar\u0131n, hastalar\u0131n, hayvan&hellip;<\/p>\n\t\t\t\t\t\t\t\t\t\t\t\t\t\t<a href=\"https:\/\/umram.bilkent.edu.tr\/index.php\/tr\/2021\/02\/24\/guncelleme-umram-mr-goruntuleme-cihazi-covid-19-icin-hijyen-prosedurleri-2\/\"\n\t\t\t\t\t\t\t   class=\"kc-post-2-button\">Read more <i\n\t\t\t\t\t\t\t\t\tclass=\"fa fa-angle-right\" aria-hidden=\"true\"><\/i><\/a>\n\t\t\t\t\t\t\t\t\t\t\t\t\t<\/div>\n\t\t\t\t\t\t<div class=\"post-item-right\">\n\t\t\t\t\t\t\t<figure>\n\t\t\t\t\t\t\t\t<img src=\"https:\/\/umram.bilkent.edu.tr\/wp-content\/uploads\/2021\/04\/shutterstock_139997569711111-543x304xct.png\"\n\t\t\t\t\t\t\t\t     alt=\"G\u00dcNCELLEME: UMRAM MR G\u00d6R\u00dcNT\u00dcLEME C\u0130HAZI COVID-19 \u0130\u00c7\u0130N H\u0130JYEN PROSED\u00dcRLER\u0130\">\n\t\t\t\t\t\t\t<\/figure>\n\t\t\t\t\t\t<\/div>\n\n\t\t\t\t\t\n\t\t\t\t<\/div>\n\n\t\t\t\t\n\t\t\t\t<div class=\"kc-list-item-2\">\n\n\t\t\t\t\t\t\t\t\t\t\t\t\t\t\t\t\t\t<div class=\"post-item-left\">\n\t\t\t\t\t\t\t\t<figure>\n\t\t\t\t\t\t\t\t\t<img src=\"https:\/\/umram.bilkent.edu.tr\/wp-content\/uploads\/2021\/04\/shutterstock_139997569711111-543x304xct.png\"\n\t\t\t\t\t\t\t\t\t     alt=\"G\u00dcNCELLEME: UMRAM MR G\u00d6R\u00dcNT\u00dcLEME C\u0130HAZI COVID-19 \u0130\u00c7\u0130N H\u0130JYEN PROSED\u00dcRLER\u0130\">\n\t\t\t\t\t\t\t\t<\/figure>\n\t\t\t\t\t\t\t<\/div>\n\t\t\t\t\t\t\t\t\t\t\t\t<div class=\"post-item-right\">\n\t\t\t\t\t\t\t<div class=\"post_details\">\n\t\t\t\t\t\t\t\t<h2 class=\"post-title-alt\"><a\n\t\t\t\t\t\t\t\t\t\thref=\"https:\/\/umram.bilkent.edu.tr\/index.php\/tr\/2020\/10\/09\/guncelleme-umram-mr-goruntuleme-cihazi-covid-19-icin-hijyen-prosedurleri\/\"\n\t\t\t\t\t\t\t\t\t\ttitle=\"G\u00dcNCELLEME: UMRAM MR G\u00d6R\u00dcNT\u00dcLEME C\u0130HAZI COVID-19 \u0130\u00c7\u0130N H\u0130JYEN PROSED\u00dcRLER\u0130\">G\u00dcNCELLEME: UMRAM MR G\u00d6R\u00dcNT\u00dcLEME C\u0130HAZI COVID-19 \u0130\u00c7\u0130N H\u0130JYEN PROSED\u00dcRLER\u0130<\/a>\n\t\t\t\t\t\t\t\t<\/h2>\n\n\t\t\t\t\t\t\t\t\t\t\t\t\t\t\t<\/div>\n\t\t\t\t\t\t\t\t\t\t\t\t\t\t\t<p>UMRAM MR G\u00d6R\u00dcNT\u00dcLEME C\u0130HAZI COVID-19&hellip;<\/p>\n\t\t\t\t\t\t\t\t\t\t\t\t\t\t<a href=\"https:\/\/umram.bilkent.edu.tr\/index.php\/tr\/2020\/10\/09\/guncelleme-umram-mr-goruntuleme-cihazi-covid-19-icin-hijyen-prosedurleri\/\"\n\t\t\t\t\t\t\t   class=\"kc-post-2-button\">Read more <i\n\t\t\t\t\t\t\t\t\tclass=\"fa fa-angle-right\" aria-hidden=\"true\"><\/i><\/a>\n\t\t\t\t\t\t\t\t\t\t\t\t\t<\/div>\n\n\t\t\t\t\t\n\t\t\t\t<\/div>\n\n\t\t\t\t\n\t\t\t\t<div class=\"kc-list-item-2\">\n\n\t\t\t\t\t\n\t\t\t\t\t\t<div class=\"post-item-left\">\n\t\t\t\t\t\t\t<div class=\"post_details\">\n\t\t\t\t\t\t\t\t<h2 class=\"post-title-alt\"><a\n\t\t\t\t\t\t\t\t\t\thref=\"https:\/\/umram.bilkent.edu.tr\/index.php\/tr\/2020\/06\/15\/umram-mr-goruntuleme-cihazi-covid-19-icin-hijyen-prosedurleri\/\"\n\t\t\t\t\t\t\t\t\t\ttitle=\"UMRAM MR G\u00d6R\u00dcNT\u00dcLEME C\u0130HAZI COVID-19 \u0130\u00c7\u0130N H\u0130JYEN PROSED\u00dcRLER\u0130\">UMRAM MR G\u00d6R\u00dcNT\u00dcLEME C\u0130HAZI COVID-19 \u0130\u00c7\u0130N H\u0130JYEN PROSED\u00dcRLER\u0130<\/a>\n\t\t\t\t\t\t\t\t<\/h2>\n\t\t\t\t\t\t\t\t\t\t\t\t\t\t\t<\/div>\n\t\t\t\t\t\t\t\t\t\t\t\t\t\t\t<p>MR kullan\u0131c\u0131lar\u0131n\u0131n, kat\u0131l\u0131mc\u0131lar\u0131n, hastalar\u0131n, hayvan&hellip;<\/p>\n\t\t\t\t\t\t\t\t\t\t\t\t\t\t<a href=\"https:\/\/umram.bilkent.edu.tr\/index.php\/tr\/2020\/06\/15\/umram-mr-goruntuleme-cihazi-covid-19-icin-hijyen-prosedurleri\/\"\n\t\t\t\t\t\t\t   class=\"kc-post-2-button\">Read more <i\n\t\t\t\t\t\t\t\t\tclass=\"fa fa-angle-right\" aria-hidden=\"true\"><\/i><\/a>\n\t\t\t\t\t\t\t\t\t\t\t\t\t<\/div>\n\t\t\t\t\t\t<div class=\"post-item-right\">\n\t\t\t\t\t\t\t<figure>\n\t\t\t\t\t\t\t\t<img src=\"https:\/\/umram.bilkent.edu.tr\/wp-content\/uploads\/2019\/01\/umram-logo-Kopya-543x304xct.jpg\"\n\t\t\t\t\t\t\t\t     alt=\"UMRAM MR G\u00d6R\u00dcNT\u00dcLEME C\u0130HAZI COVID-19 \u0130\u00c7\u0130N H\u0130JYEN PROSED\u00dcRLER\u0130\">\n\t\t\t\t\t\t\t<\/figure>\n\t\t\t\t\t\t<\/div>\n\n\t\t\t\t\t\n\t\t\t\t<\/div>\n\n\t\t\t\t\n\t\n<\/div>\n<\/div><\/div><\/div><\/div><\/section>\n","protected":false},"excerpt":{"rendered":"","protected":false},"author":7,"featured_media":0,"parent":0,"menu_order":0,"comment_status":"closed","ping_status":"closed","template":"","meta":[],"_links":{"self":[{"href":"https:\/\/umram.bilkent.edu.tr\/index.php\/wp-json\/wp\/v2\/pages\/11966"}],"collection":[{"href":"https:\/\/umram.bilkent.edu.tr\/index.php\/wp-json\/wp\/v2\/pages"}],"about":[{"href":"https:\/\/umram.bilkent.edu.tr\/index.php\/wp-json\/wp\/v2\/types\/page"}],"author":[{"embeddable":true,"href":"https:\/\/umram.bilkent.edu.tr\/index.php\/wp-json\/wp\/v2\/users\/7"}],"replies":[{"embeddable":true,"href":"https:\/\/umram.bilkent.edu.tr\/index.php\/wp-json\/wp\/v2\/comments?post=11966"}],"version-history":[{"count":7,"href":"https:\/\/umram.bilkent.edu.tr\/index.php\/wp-json\/wp\/v2\/pages\/11966\/revisions"}],"predecessor-version":[{"id":11998,"href":"https:\/\/umram.bilkent.edu.tr\/index.php\/wp-json\/wp\/v2\/pages\/11966\/revisions\/11998"}],"wp:attachment":[{"href":"https:\/\/umram.bilkent.edu.tr\/index.php\/wp-json\/wp\/v2\/media?parent=11966"}],"curies":[{"name":"wp","href":"https:\/\/api.w.org\/{rel}","templated":true}]}}