{"id":11971,"date":"2023-10-10T13:48:48","date_gmt":"2023-10-10T10:48:48","guid":{"rendered":"https:\/\/umram.bilkent.edu.tr\/?page_id=11971"},"modified":"2023-10-10T14:03:19","modified_gmt":"2023-10-10T11:03:19","slug":"hizmet-alimlari","status":"publish","type":"page","link":"https:\/\/umram.bilkent.edu.tr\/index.php\/tr\/hizmet-alimlari\/","title":{"rendered":"Hizmet Al\u0131mlar\u0131"},"content":{"rendered":"<p>&#8211; UMRAM&#8217;da deney yapmak isteyen ara\u015ft\u0131rmac\u0131lar\u0131n bu web sitesinde verilen numaralardan bizimle ileti\u015fime ge\u00e7meleri gerekmektedir.<br \/>\n&#8211; T\u00fcm MR taray\u0131c\u0131s\u0131 kullan\u0131c\u0131lar\u0131na talep etmeleri halinde randevu verilecek ve bir rezervasyon formu g\u00f6ndermeleri gerekecektir. Rezervasyonun onaylanmas\u0131n\u0131n ard\u0131ndan, ilk kullan\u0131mda kullan\u0131c\u0131lara deneyleri boyunca teknisyenlerimiz taraf\u0131ndan rehberlik edilecek ve ara\u015ft\u0131rmac\u0131lar taraf\u0131ndan talep edilmesi halinde sonraki kullan\u0131mlar i\u00e7in rehberlik devam ettirilebilecektir.<\/p>\n<p>&#8211; Teknisyen destekli -3T MR taray\u0131c\u0131 kullan\u0131m \u00fccreti 110 Euro\/saat+KDV&#8217;dir.<br \/>\n&#8211; Teknisyen deste\u011fi olmadan 3T MR taray\u0131c\u0131 kullan\u0131m \u00fccreti 100 Euro\/saat + KDV&#8217;dir.<br \/>\n&#8211; 1,5 T MR taray\u0131c\u0131 teknisyen destekli kullan\u0131m \u00fccreti 800 TL + KDV&#8217;dir.<br \/>\n&#8211; 1,5T MR taray\u0131c\u0131 teknisyen desteksiz kullan\u0131m \u00fccreti 625 TL\/saat + KDV&#8217;dir.<br \/>\n&#8211; TxArray, radyo frekans amplifikat\u00f6r\u00fc ve fMRI yaz\u0131l\u0131m\u0131 sistemin opsiyonlar\u0131d\u0131r, bu nedenle kullan\u0131mlar\u0131 i\u00e7in ek \u00fccret al\u0131nmaz.<br \/>\n&#8211; Bir MR taramas\u0131 yapmadan \u00f6nce, t\u00fcm kullan\u0131c\u0131lar\u0131n zorunlu bir MR G\u00fcvenlik ve Kullan\u0131c\u0131 E\u011fitimini tamamlamalar\u0131 ve UMRAM&#8217;daki t\u00fcm g\u00fcvenlik ve kullan\u0131m d\u00fczenlemelerini tam olarak bildiklerini ve kabul ettiklerini onaylamak i\u00e7in bir belge imzalamalar\u0131 gerekmektedir. UMRAM personeli, prosed\u00fcr\u00fcn her ad\u0131m\u0131nda ara\u015ft\u0131rmac\u0131lara yard\u0131mc\u0131 olmaya haz\u0131rd\u0131r ve kullan\u0131c\u0131lara ge\u00e7mi\u015fleri ne olursa olsun her zaman gerekli destek sa\u011flan\u0131r.<\/p>\n<p>&#8211; Hibe Ba\u015fvurular\u0131nda Hizmet Bedelleri i\u00e7in ihtiya\u00e7lar\u0131n\u0131za ve b\u00fct\u00e7enize uygun Proforma Faturalar da sa\u011fl\u0131yoruz. Ayr\u0131ca, T\u00dcB\u0130TAK veya AB gibi finansal fonlara ba\u015fvuracak ara\u015ft\u0131rmac\u0131lar ilk deneylerini UMRAM&#8217;da \u00fccretsiz olarak yapabilirler (Ko\u015fullar ge\u00e7erlidir).<\/p>\n","protected":false},"excerpt":{"rendered":"<p>&#8211; UMRAM&#8217;da deney yapmak isteyen ara\u015ft\u0131rmac\u0131lar\u0131n bu web sitesinde verilen numaralardan bizimle ileti\u015fime ge\u00e7meleri gerekmektedir. &#8211; T\u00fcm MR taray\u0131c\u0131s\u0131 kullan\u0131c\u0131lar\u0131na talep etmeleri halinde randevu verilecek ve bir rezervasyon formu g\u00f6ndermeleri gerekecektir. Rezervasyonun onaylanmas\u0131n\u0131n ard\u0131ndan, ilk kullan\u0131mda kullan\u0131c\u0131lara deneyleri boyunca teknisyenlerimiz taraf\u0131ndan rehberlik edilecek ve ara\u015ft\u0131rmac\u0131lar taraf\u0131ndan talep edilmesi halinde sonraki kullan\u0131mlar i\u00e7in rehberlik devam ettirilebilecektir. [&hellip;]<\/p>\n","protected":false},"author":7,"featured_media":0,"parent":0,"menu_order":0,"comment_status":"closed","ping_status":"closed","template":"","meta":[],"_links":{"self":[{"href":"https:\/\/umram.bilkent.edu.tr\/index.php\/wp-json\/wp\/v2\/pages\/11971"}],"collection":[{"href":"https:\/\/umram.bilkent.edu.tr\/index.php\/wp-json\/wp\/v2\/pages"}],"about":[{"href":"https:\/\/umram.bilkent.edu.tr\/index.php\/wp-json\/wp\/v2\/types\/page"}],"author":[{"embeddable":true,"href":"https:\/\/umram.bilkent.edu.tr\/index.php\/wp-json\/wp\/v2\/users\/7"}],"replies":[{"embeddable":true,"href":"https:\/\/umram.bilkent.edu.tr\/index.php\/wp-json\/wp\/v2\/comments?post=11971"}],"version-history":[{"count":3,"href":"https:\/\/umram.bilkent.edu.tr\/index.php\/wp-json\/wp\/v2\/pages\/11971\/revisions"}],"predecessor-version":[{"id":11976,"href":"https:\/\/umram.bilkent.edu.tr\/index.php\/wp-json\/wp\/v2\/pages\/11971\/revisions\/11976"}],"wp:attachment":[{"href":"https:\/\/umram.bilkent.edu.tr\/index.php\/wp-json\/wp\/v2\/media?parent=11971"}],"curies":[{"name":"wp","href":"https:\/\/api.w.org\/{rel}","templated":true}]}}