{"id":2172,"date":"2018-08-17T08:10:13","date_gmt":"2018-08-17T08:10:13","guid":{"rendered":"https:\/\/umram.bilkent.edu.tr\/?page_id=2172"},"modified":"2021-06-23T16:39:12","modified_gmt":"2021-06-23T13:39:12","slug":"staff","status":"publish","type":"page","link":"https:\/\/umram.bilkent.edu.tr\/index.php\/staff\/","title":{"rendered":"Engineers &#038; Staff"},"content":{"rendered":"<section class=\"kc-elm kc-css-316942 kc_row\"><div class=\"kc-row-container  kc-container\"><div class=\"kc-wrap-columns\"><div class=\"kc-elm kc-css-235469 kc_col-sm-12 kc_column kc_col-sm-12\"><div class=\"kc-col-container\">\n<div class=\"kc-elm kc-css-763136 kc-title-wrap \">\n\n\t<h1 class=\"kc_title\">Engineers & Staff<\/h1>\n<\/div>\n<\/div><\/div><\/div><\/div><\/section><section class=\"kc-elm kc-css-373161 kc_row\"><div class=\"kc-row-container  kc-container\"><div class=\"kc-wrap-columns\"><div class=\"kc-elm kc-css-363079 kc_col-sm-12 kc_column kc_col-sm-12\"><div class=\"kc-col-container\"><div class=\"col-sm-6 col-md-3\">\n                    <div class=\"profile-card profile-card-meta_classic kc-elm kc-css-624591\">\n                        <figure>\n                             <img src=\"https:\/\/umram.bilkent.edu.tr\/wp-content\/uploads\/2023\/10\/Tanturk-bastug-scaled-e1701429819719.jpg\" class=\"img-responsive\" alt=\"\" loading=\"lazy\" \/>\n                            <figcaption><a href=\"https:\/\/umram.bilkent.edu.tr\/index.php\/teams\/tanturk-bastug\/\"><h3 class=\"fig-title\">Tant\u00fcrk Ba\u015ftu\u011f<\/h3><\/a><div class=\"fig-title-des\">Technician<\/div><div class=\"fig-meta\"><\/div>\n                            <\/figcaption>\n                        <\/figure><\/div>\n                <\/div><div class=\"col-sm-6 col-md-3\">\n                    <div class=\"profile-card profile-card-meta_classic kc-elm kc-css-624591\">\n                        <figure>\n                             <img src=\"https:\/\/umram.bilkent.edu.tr\/wp-content\/uploads\/2023\/10\/Metin-Can-Isik-e1701429873471.jpg\" class=\"img-responsive\" alt=\"\" loading=\"lazy\" \/>\n                            <figcaption><a href=\"https:\/\/umram.bilkent.edu.tr\/index.php\/teams\/metin-can-isik\/\"><h3 class=\"fig-title\">Metin Can I\u015f\u0131k<\/h3><\/a><div class=\"fig-title-des\">Engineer<\/div><div class=\"fig-meta\"><\/div>\n                            <\/figcaption>\n                        <\/figure><\/div>\n                <\/div><div class=\"team-clearfix\"><\/div><\/div><\/div><\/div><\/div><\/section>\n","protected":false},"excerpt":{"rendered":"","protected":false},"author":1,"featured_media":11667,"parent":0,"menu_order":0,"comment_status":"closed","ping_status":"closed","template":"","meta":[],"_links":{"self":[{"href":"https:\/\/umram.bilkent.edu.tr\/index.php\/wp-json\/wp\/v2\/pages\/2172"}],"collection":[{"href":"https:\/\/umram.bilkent.edu.tr\/index.php\/wp-json\/wp\/v2\/pages"}],"about":[{"href":"https:\/\/umram.bilkent.edu.tr\/index.php\/wp-json\/wp\/v2\/types\/page"}],"author":[{"embeddable":true,"href":"https:\/\/umram.bilkent.edu.tr\/index.php\/wp-json\/wp\/v2\/users\/1"}],"replies":[{"embeddable":true,"href":"https:\/\/umram.bilkent.edu.tr\/index.php\/wp-json\/wp\/v2\/comments?post=2172"}],"version-history":[{"count":9,"href":"https:\/\/umram.bilkent.edu.tr\/index.php\/wp-json\/wp\/v2\/pages\/2172\/revisions"}],"predecessor-version":[{"id":11668,"href":"https:\/\/umram.bilkent.edu.tr\/index.php\/wp-json\/wp\/v2\/pages\/2172\/revisions\/11668"}],"wp:featuredmedia":[{"embeddable":true,"href":"https:\/\/umram.bilkent.edu.tr\/index.php\/wp-json\/wp\/v2\/media\/11667"}],"wp:attachment":[{"href":"https:\/\/umram.bilkent.edu.tr\/index.php\/wp-json\/wp\/v2\/media?parent=2172"}],"curies":[{"name":"wp","href":"https:\/\/api.w.org\/{rel}","templated":true}]}}