{"id":2792,"date":"2018-09-04T11:45:25","date_gmt":"2018-09-04T11:45:25","guid":{"rendered":"https:\/\/umram.bilkent.edu.tr\/?page_id=2792"},"modified":"2024-01-10T16:36:15","modified_gmt":"2024-01-10T13:36:15","slug":"administration-office","status":"publish","type":"page","link":"https:\/\/umram.bilkent.edu.tr\/index.php\/administration-office\/","title":{"rendered":"Administration Office"},"content":{"rendered":"<section class=\"kc-elm kc-css-176330 kc_row\"><div class=\"kc-row-container  kc-container\"><div class=\"kc-wrap-columns\"><div class=\"kc-elm kc-css-872334 kc_col-sm-12 kc_column kc_col-sm-12\"><div class=\"kc-col-container\">\n<div class=\"kc-elm kc-css-212709 kc-title-wrap \">\n\n\t<h1 class=\"kc_title\">Administration Office<\/h1>\n<\/div>\n<div class=\"col-sm-6 col-md-4\">\n                    <div class=\"profile-card profile-card-meta_classic kc-elm kc-css-961824\">\n                        <figure>\n                             <img src=\"https:\/\/umram.bilkent.edu.tr\/wp-content\/uploads\/2018\/08\/emine_saritas.jpeg\" class=\"img-responsive\" alt=\"\" loading=\"lazy\" \/>\n                            <figcaption><a href=\"https:\/\/umram.bilkent.edu.tr\/index.php\/teams\/emine-ulku-saritas\/\"><h3 class=\"fig-title\">Emine \u00dclk\u00fc Sar\u0131ta\u015f<\/h3><\/a><div class=\"fig-title-des\">&#9726; Associate Director of UMRAM<br>\r\n&#9726; Associate Professor at Department of Electrical and Electronics Engineering<br> <\/div><div class=\"fig-meta\"><p class=\"fig-cal\"><strong>Call:<\/strong> <span>+90 312 290 3011 (UMRAM) or 3387 (EEE)<\/span><\/p><\/div>\n                            <\/figcaption>\n                        <\/figure><\/div>\n                <\/div><div class=\"col-sm-6 col-md-4\">\n                    <div class=\"profile-card profile-card-meta_classic kc-elm kc-css-961824\">\n                        <figure>\n                             <img src=\"https:\/\/umram.bilkent.edu.tr\/wp-content\/uploads\/2018\/09\/huseyin_boyaci-300x201-e1536304183992.jpg\" class=\"img-responsive\" alt=\"\" loading=\"lazy\" \/>\n                            <figcaption><a href=\"https:\/\/umram.bilkent.edu.tr\/index.php\/teams\/huseyin-boyaci\/\"><h3 class=\"fig-title\">H\u00fcseyin Boyac\u0131<\/h3><\/a><div class=\"fig-title-des\">&#9726; Director of ASBAM<br>\r\n&#9726; Professor and Director of the Interdisciplinary Neuroscience Graduate Program <br>\r\n&#9726; Associate Director of UMRAM<br>\r\n&#9726; Professor at Department of Psychology<br><\/div><div class=\"fig-meta\"><p class=\"fig-cal\"><strong>Call:<\/strong> <span>+90 312 290 3093 (UMRAM) or 1148 (Psyc)<\/span><\/p><\/div>\n                            <\/figcaption>\n                        <\/figure><\/div>\n                <\/div><div class=\"team-clearfix\"><\/div><div class=\"col-sm-6 col-md-4\">\n                    <div class=\"profile-card profile-card-meta_classic kc-elm kc-css-961824\">\n                        <figure>\n                             <img src=\"https:\/\/umram.bilkent.edu.tr\/wp-content\/uploads\/2021\/11\/tolga-300x300-1.jpg\" class=\"img-responsive\" alt=\"\" loading=\"lazy\" \/>\n                            <figcaption><a href=\"https:\/\/umram.bilkent.edu.tr\/index.php\/teams\/tolga-cukur\/\"><h3 class=\"fig-title\">Tolga \u00c7ukur<\/h3><\/a><div class=\"fig-title-des\">&#9726; Director of UMRAM<br>\r\n&#9726; Professor at Department of Electrical and Electronics Engineering<br>\r\n&#9726; Professor at Interdisciplinary Neuroscience Graduate Program<br>\r\n<br><\/div><div class=\"fig-meta\"><p class=\"fig-cal\"><strong>Call:<\/strong> <span>+90 312 290 1152 (UMRAM) or 1164 (EEE)<\/span><\/p><\/div>\n                            <\/figcaption>\n                        <\/figure><\/div>\n                <\/div><div class=\"col-sm-6 col-md-4\">\n                    <div class=\"profile-card profile-card-meta_classic kc-elm kc-css-961824\">\n                        <figure>\n                             <img src=\"https:\/\/umram.bilkent.edu.tr\/wp-content\/uploads\/2020\/06\/erkan-dorken.jpg\" class=\"img-responsive\" alt=\"\" loading=\"lazy\" \/>\n                            <figcaption><a href=\"https:\/\/umram.bilkent.edu.tr\/index.php\/teams\/erkan-dorken-2\/\"><h3 class=\"fig-title\">Erkan Dorken<\/h3><\/a><div class=\"fig-title-des\">Associate Director of UMRAM<\/div><div class=\"fig-meta\"><p class=\"fig-cal\"><strong>Call:<\/strong> <span>+90 312 290 8772<\/span><\/p><\/div>\n                            <\/figcaption>\n                        <\/figure><\/div>\n                <\/div><div class=\"team-clearfix\"><\/div><div class=\"col-sm-6 col-md-4\">\n                    <div class=\"profile-card profile-card-meta_classic kc-elm kc-css-961824\">\n                        <figure>\n                             <img src=\"https:\/\/umram.bilkent.edu.tr\/wp-content\/uploads\/2024\/09\/ayca-yigitaslan-e1726727832627.jpg\" class=\"img-responsive\" alt=\"\" loading=\"lazy\" \/>\n                            <figcaption><a href=\"https:\/\/umram.bilkent.edu.tr\/index.php\/teams\/ayca-yigitaslan\/\"><h3 class=\"fig-title\">Ay\u00e7a Yi\u011fitaslan<\/h3><\/a><div class=\"fig-title-des\">Administrative Assistant<\/div><div class=\"fig-meta\"><p class=\"fig-cal\"><strong>Call:<\/strong> <span>+90 312 290 3002<\/span><\/p><\/div>\n                            <\/figcaption>\n                        <\/figure><\/div>\n                <\/div><div class=\"col-sm-6 col-md-4\">\n                    <div class=\"profile-card profile-card-meta_classic kc-elm kc-css-961824\">\n                        <figure>\n                             <img src=\"https:\/\/umram.bilkent.edu.tr\/wp-content\/uploads\/2024\/09\/Ferdi-akkaya-e1726728337571.jpg\" class=\"img-responsive\" alt=\"\" loading=\"lazy\" \/>\n                            <figcaption><a href=\"https:\/\/umram.bilkent.edu.tr\/index.php\/teams\/ferdi-akkaya\/\"><h3 class=\"fig-title\">Ferdi Akkaya<\/h3><\/a><div class=\"fig-title-des\">Administrative Assistant<\/div><div class=\"fig-meta\"><p class=\"fig-cal\"><strong>Call:<\/strong> <span>+90 312 290 1154<\/span><\/p><\/div>\n                            <\/figcaption>\n                        <\/figure><\/div>\n                <\/div><div class=\"team-clearfix\"><\/div><\/div><\/div><\/div><\/div><\/section>\n","protected":false},"excerpt":{"rendered":"","protected":false},"author":1,"featured_media":11667,"parent":0,"menu_order":0,"comment_status":"closed","ping_status":"closed","template":"","meta":[],"_links":{"self":[{"href":"https:\/\/umram.bilkent.edu.tr\/index.php\/wp-json\/wp\/v2\/pages\/2792"}],"collection":[{"href":"https:\/\/umram.bilkent.edu.tr\/index.php\/wp-json\/wp\/v2\/pages"}],"about":[{"href":"https:\/\/umram.bilkent.edu.tr\/index.php\/wp-json\/wp\/v2\/types\/page"}],"author":[{"embeddable":true,"href":"https:\/\/umram.bilkent.edu.tr\/index.php\/wp-json\/wp\/v2\/users\/1"}],"replies":[{"embeddable":true,"href":"https:\/\/umram.bilkent.edu.tr\/index.php\/wp-json\/wp\/v2\/comments?post=2792"}],"version-history":[{"count":6,"href":"https:\/\/umram.bilkent.edu.tr\/index.php\/wp-json\/wp\/v2\/pages\/2792\/revisions"}],"predecessor-version":[{"id":12241,"href":"https:\/\/umram.bilkent.edu.tr\/index.php\/wp-json\/wp\/v2\/pages\/2792\/revisions\/12241"}],"wp:featuredmedia":[{"embeddable":true,"href":"https:\/\/umram.bilkent.edu.tr\/index.php\/wp-json\/wp\/v2\/media\/11667"}],"wp:attachment":[{"href":"https:\/\/umram.bilkent.edu.tr\/index.php\/wp-json\/wp\/v2\/media?parent=2792"}],"curies":[{"name":"wp","href":"https:\/\/api.w.org\/{rel}","templated":true}]}}