{"id":3348,"date":"2018-09-11T15:21:32","date_gmt":"2018-09-11T12:21:32","guid":{"rendered":"https:\/\/umram.bilkent.edu.tr\/?page_id=3348"},"modified":"2018-09-18T17:32:24","modified_gmt":"2018-09-18T14:32:24","slug":"hakkimizda","status":"publish","type":"page","link":"https:\/\/umram.bilkent.edu.tr\/index.php\/tr\/hakkimizda\/","title":{"rendered":"Hakk\u0131m\u0131zda"},"content":{"rendered":"<section data-kc-fullwidth=\"row\" class=\"kc-elm kc-css-718325 kc_row\"><div class=\"kc-row-container  kc-container\"><div class=\"kc-wrap-columns\"><div class=\"kc-elm kc-css-89303 kc_col-sm-3 kc_column kc_col-sm-3\"><div class=\"kc-col-container\">\n<div class=\"kc-elm kc-css-650033 kc-title-wrap \">\n\n\t<h2 class=\"kc_title stage-title font-md lil-line\">UMRAM<\/h2>\n<\/div>\n<\/div><\/div><div class=\"kc-elm kc-css-374845 kc_col-sm-9 kc_column kc_col-sm-9\"><div class=\"kc-col-container\"><div class=\"kc-elm kc-css-809707 kc_text_block\"><p dir=\"ltr\">Ulusal Manyetik Rezonans Ara\u015ft\u0131rma Merkezi (UMRAM), May\u0131s 2009 tarihinde Bilkent \u00dcniversitesi-Cyberpark i\u00e7erisinde T.C. Kalk\u0131nma Bakanl\u0131\u011f\u0131 deste\u011fi ile kurulmu\u015ftur.<\/p>\n<p dir=\"ltr\">\u015euanda Bilkent \u00dcniversitesi Aysel Sabuncu Beyin Ara\u015ft\u0131rmalar\u0131 Merkezi i\u00e7erisinde hizmet vermektedir.<\/p>\n<p dir=\"ltr\">Merkezin misyonu manyetik rezonans (MR) ara\u015ft\u0131rmalar\u0131 konusunda yap\u0131lan ara\u015ft\u0131rma projelerini te\u015fvik etmek, desteklemek ve ger\u00e7ekle\u015ftirmektir.<\/p>\n<\/div><\/div><\/div><\/div><\/div><\/section><section data-kc-fullwidth=\"row\" class=\"kc-elm kc-css-431899 kc_row\"><div class=\"kc-row-container  kc-container\"><div class=\"kc-wrap-columns\"><div class=\"kc-elm kc-css-206052 kc_col-sm-6 kc_column kc_col-sm-6\"><div class=\"kc-col-container\"><article class=\"sabbi-thumlinepost-card card-video solitude-bg__x kc-elm kc-css-330282\">\n                        <figure class=\"sabbi-thumlinepost-card-figure\">\n                            <a class=\"video-play\" href=\"https:\/\/www.youtube.com\/watch?v=uvzOlxsJ7IM\" data-toggle=\"lightbox\"><img width=\"2000\" height=\"1333\" src=\"https:\/\/umram.bilkent.edu.tr\/wp-content\/uploads\/2018\/08\/aysel_sabuncu_beyin_aras_butuner-6.jpg.jpeg\" class=\"img-responsive img-thumpost\" alt=\"\" decoding=\"async\" loading=\"lazy\" srcset=\"https:\/\/umram.bilkent.edu.tr\/wp-content\/uploads\/2018\/08\/aysel_sabuncu_beyin_aras_butuner-6.jpg.jpeg 2000w, https:\/\/umram.bilkent.edu.tr\/wp-content\/uploads\/2018\/08\/aysel_sabuncu_beyin_aras_butuner-6.jpg-300x200.jpeg 300w, https:\/\/umram.bilkent.edu.tr\/wp-content\/uploads\/2018\/08\/aysel_sabuncu_beyin_aras_butuner-6.jpg-768x512.jpeg 768w, https:\/\/umram.bilkent.edu.tr\/wp-content\/uploads\/2018\/08\/aysel_sabuncu_beyin_aras_butuner-6.jpg-1024x682.jpeg 1024w, https:\/\/umram.bilkent.edu.tr\/wp-content\/uploads\/2018\/08\/aysel_sabuncu_beyin_aras_butuner-6.jpg-555x370.jpeg 555w, https:\/\/umram.bilkent.edu.tr\/wp-content\/uploads\/2018\/08\/aysel_sabuncu_beyin_aras_butuner-6.jpg-600x400.jpeg 600w\" sizes=\"(max-width: 2000px) 100vw, 2000px\" \/><\/a>\n                            <figcaption>Dr. Tolga \u00c7ukur UMRAM:apos:\u0131 tan\u0131t\u0131yor<\/figcaption>\n                        <\/figure><\/article><\/div><\/div><div class=\"kc-elm kc-css-567073 kc_col-sm-6 kc_column kc_col-sm-6\"><div class=\"kc-col-container\"><div class=\"kc-elm kc-css-495444 kc_text_block\"><p>Merkezimizde sadece ara\u015ft\u0131rmaya y\u00f6nelik olarak kullan\u0131lan bir adet 3 tesla statik alana sahip Siemens MAGNETOM Trio manyetik rezonans g\u00f6r\u00fcnt\u00fcleme cihaz\u0131 ve bir adet de Scimedix SM160 1,5 tesla MR cihaz\u0131 bulunmaktad\u0131r. \u0130lave olarak merkezimizde hayvan ara\u015ft\u0131rma, elektronik ve psikofizik laboratuvarlar\u0131 bulunmaktad\u0131r. UMRAM manyetik rezonans g\u00f6r\u00fcnt\u00fcleme teknolojisini kullanan ve geli\u015ftiren multi-disipliner gruplar\u0131 bir araya getirmektedir. Merkezimizde bulunan \u00fc\u00e7 ara\u015ft\u0131rma grubu: Biyomedikal M\u00fchendisli\u011fi, Radyoloji Ara\u015ft\u0131rmalar\u0131 ve Kognitif Sinirbilim alanlar\u0131nda faaliyet g\u00f6stermektedirler. UMRAM&#8217; \u0131n a\u00e7\u0131k kap\u0131 politikas\u0131 vard\u0131r. Ara\u015ft\u0131rmac\u0131lar merkezimizdeki ekipmanlar\u0131 kullanabilir ve gerekirse veri toplamak i\u00e7in personelimizden yard\u0131m alabilirler.<\/p>\n<\/div><\/div><\/div><\/div><\/div><\/section><section class=\"kc-elm kc-css-311123 kc_row\"><div class=\"kc-row-container  kc-container\"><div class=\"kc-wrap-columns\"><div class=\"kc-elm kc-css-749974 kc_col-sm-12 kc_column kc_col-sm-12\"><div class=\"kc-col-container\"><div class=\"kc-elm kc-css-401883 kc_row kc_row_inner\"><div class=\"kc-elm kc-css-931449 kc_col-sm-12 kc_column_inner kc_col-sm-12\"><div class=\"kc_wrapper kc-col-inner-container\"><div class=\"kc-elm kc-css-294230 kc_shortcode kc_single_image\">\n\n        <img src=\"https:\/\/umram.bilkent.edu.tr\/wp-content\/uploads\/2018\/08\/umram-logo-2-300x205.jpg\" class=\"\" alt=\"\" \/>    <\/div>\n<div class=\"kc-elm kc-css-324621 kc_text_block\"><p>Ulusal Manyetik Rezonans Ara\u015ft\u0131rma Merkezi<\/p>\n<\/div><\/div><\/div><\/div><div class=\"kc-elm kc-css-79340 kc_row kc_row_inner\"><div class=\"kc-elm kc-css-614930 kc_col-of-5 kc_column_inner kc_col-of-5\"><div class=\"kc_wrapper kc-col-inner-container\"><div class=\"kc-elm kc-css-698744 kc-feature-boxes kc-fb-layout-1\">\n\n\t<div class=\"content-icon\"><i class=\"sl-home\"><\/i><\/div><div class=\"content-title\">Biz Kimiz?<\/div><div class=\"content-desc\">UMRAM, May\u0131s 2009 tarihinde Bilkent \u00dcniversitesi-Cyberpark i\u00e7erisinde T.C. Kalk\u0131nma Bakanl\u0131\u011f\u0131 deste\u011fi ile kurulmu\u015ftur.<br>\r\n\u015euanda Bilkent \u00dcniversitesi Aysel Sabuncu Beyin Ara\u015ft\u0131rmalar\u0131 Merkezi i\u00e7erisinde hizmet vermektedir.<\/div>\n<\/div>\n<\/div><\/div><div class=\"kc-elm kc-css-544978 kc_col-of-5 kc_column_inner kc_col-of-5\"><div class=\"kc_wrapper kc-col-inner-container\"><div class=\"kc-elm kc-css-908972 kc-feature-boxes kc-fb-layout-1\">\n\n\t<div class=\"content-icon\"><i class=\"sl-star\"><\/i><\/div><div class=\"content-title\">Misyonumuz<\/div><div class=\"content-desc\">Merkezin misyonu manyetik rezonans (MR) ara\u015ft\u0131rmalar\u0131 konusunda yap\u0131lan ara\u015ft\u0131rma projelerini te\u015fvik etmek, desteklemek ve ger\u00e7ekle\u015ftirmektir.\r\n<br>UMRAM MRG teknolojisini kullanan ve geli\u015ftiren multi-disipliner gruplar\u0131 bir araya getirmektedir.<\/div>\n<\/div>\n<\/div><\/div><div class=\"kc-elm kc-css-641662 kc_col-of-5 kc_column_inner kc_col-of-5\"><div class=\"kc_wrapper kc-col-inner-container\"><div class=\"kc-elm kc-css-216289 kc-feature-boxes kc-fb-layout-1\">\n\n\t<div class=\"content-icon\"><i class=\"et-global\"><\/i><\/div><div class=\"content-title\">Ara\u015ft\u0131rma Gruplar\u0131<\/div><div class=\"content-desc\">Merkezimizde bulunan d\u00f6rt ara\u015ft\u0131rma grubu: MRG Donan\u0131m M\u00fchendisli\u011fi, MRG Yaz\u0131l\u0131m M\u00fchendisli\u011fi, Psikoloji ve Sinirbilim, ve Radyoloji Ara\u015ft\u0131rmalar\u0131<\/div>\n<\/div>\n<\/div><\/div><div class=\"kc-elm kc-css-450241 kc_col-of-5 kc_column_inner kc_col-of-5\"><div class=\"kc_wrapper kc-col-inner-container\"><div class=\"kc-elm kc-css-766327 kc-feature-boxes kc-fb-layout-1\">\n\n\t<div class=\"content-icon\"><i class=\"sl-wrench\"><\/i><\/div><div class=\"content-title\">Ekipman<\/div><div class=\"content-desc\">Merkezimizde sadece ara\u015ft\u0131rmaya y\u00f6nelik olarak kullan\u0131lan bir adet Siemens 3 Tesla MAGNETOM Trio MRG cihaz\u0131 ve bir adet de Scimedix SM160 1.5 Tesla MR cihaz\u0131 bulunmaktad\u0131r. \u0130lave olarak merkezimizde hayvan ara\u015ft\u0131rma, elektronik ve psikofizik laboratuvarlar\u0131 bulunmaktad\u0131r. <\/div>\n<\/div>\n<\/div><\/div><div class=\"kc-elm kc-css-6171 kc_col-of-5 kc_column_inner kc_col-of-5\"><div class=\"kc_wrapper kc-col-inner-container\"><div class=\"kc-elm kc-css-480041 kc-feature-boxes kc-fb-layout-1\">\n\n\t<div class=\"content-icon\"><i class=\"ion-android-happy\"><\/i><\/div><div class=\"content-title\">D\u0131\u015f Kullan\u0131m<\/div><div class=\"content-desc\">UMRAM'\u0131n a\u00e7\u0131k kap\u0131 politikas\u0131 vard\u0131r. Ara\u015ft\u0131rmac\u0131lar merkezimizdeki ekipmanlar\u0131 kullanabilir ve gerekirse veri toplamak i\u00e7in personelimizden yard\u0131m alabilirler.<\/div>\n<\/div>\n<\/div><\/div><\/div><div class=\"kc-elm kc-css-559620\" style=\"height: 28px; clear: both; width:100%;\"><\/div><div class=\"kc-elm kc-css-974148 kc_row kc_row_inner\"><div class=\"kc-elm kc-css-200972 kc_col-sm-4 kc_column_inner kc_col-sm-4\"><div class=\"kc_wrapper kc-col-inner-container\"><\/div><\/div><div class=\"kc-elm kc-css-463002 kc_col-sm-4 kc_column_inner kc_col-sm-4\"><div class=\"kc_wrapper kc-col-inner-container\"><article class=\"sabbi-thumlinepost-card card-video solitude-bg__x kc-elm kc-css-913268\">\n                        <figure class=\"sabbi-thumlinepost-card-figure\">\n                            <a class=\"video-play\" href=\"https:\/\/www.youtube.com\/watch?v=uvzOlxsJ7IM\" data-toggle=\"lightbox\"><img width=\"2000\" height=\"1333\" src=\"https:\/\/umram.bilkent.edu.tr\/wp-content\/uploads\/2018\/08\/aysel_sabuncu_beyin_aras_butuner-6.jpg.jpeg\" class=\"img-responsive img-thumpost\" alt=\"\" decoding=\"async\" loading=\"lazy\" srcset=\"https:\/\/umram.bilkent.edu.tr\/wp-content\/uploads\/2018\/08\/aysel_sabuncu_beyin_aras_butuner-6.jpg.jpeg 2000w, https:\/\/umram.bilkent.edu.tr\/wp-content\/uploads\/2018\/08\/aysel_sabuncu_beyin_aras_butuner-6.jpg-300x200.jpeg 300w, https:\/\/umram.bilkent.edu.tr\/wp-content\/uploads\/2018\/08\/aysel_sabuncu_beyin_aras_butuner-6.jpg-768x512.jpeg 768w, https:\/\/umram.bilkent.edu.tr\/wp-content\/uploads\/2018\/08\/aysel_sabuncu_beyin_aras_butuner-6.jpg-1024x682.jpeg 1024w, https:\/\/umram.bilkent.edu.tr\/wp-content\/uploads\/2018\/08\/aysel_sabuncu_beyin_aras_butuner-6.jpg-555x370.jpeg 555w, https:\/\/umram.bilkent.edu.tr\/wp-content\/uploads\/2018\/08\/aysel_sabuncu_beyin_aras_butuner-6.jpg-600x400.jpeg 600w\" sizes=\"(max-width: 2000px) 100vw, 2000px\" \/><\/a>\n                            <figcaption>Dr. Tolga \u00c7ukur UMRAM:apos:\u0131 tan\u0131t\u0131yor<\/figcaption>\n                        <\/figure><\/article><\/div><\/div><div class=\"kc-elm kc-css-810549 kc_col-sm-4 kc_column_inner kc_col-sm-4\"><div class=\"kc_wrapper kc-col-inner-container\"><\/div><\/div><\/div><div class=\"kc-elm kc-css-277292\" style=\"height: 30px; clear: both; width:100%;\"><\/div><\/div><\/div><\/div><\/div><\/section><section data-kc-fullwidth=\"row\" class=\"kc-elm kc-css-100342 kc_row\"><div class=\"kc-row-container  kc-container\"><div class=\"kc-wrap-columns\"><div class=\"kc-elm kc-css-642725 kc_col-sm-3 kc_column kc_col-sm-3\"><div class=\"kc-col-container\"> <article class=\"sabbi-thumlinepost-card solitude-bg__x kc-elm kc-css-968546 inner-service\"><figure class=\"sabbi-thumlinepost-card-figure\">\n                           <img width=\"75\" height=\"67\" src=\"https:\/\/umram.bilkent.edu.tr\/wp-content\/uploads\/2018\/04\/atom.png\" class=\"img-responsive img-thumpost\" alt=\"\" decoding=\"async\" loading=\"lazy\" \/>\n                          <\/figure><div class=\"sabbi-thumlinepost-card-meta\">\n                        <h2 class=\"info-box-title ht-5\">Manyetik Rezonans (MR) Donan\u0131m M\u00fchendisli\u011fi<\/h2><\/div>\n                <\/article><\/div><\/div><div class=\"kc-elm kc-css-514333 kc_col-sm-3 kc_column kc_col-sm-3\"><div class=\"kc-col-container\"> <article class=\"sabbi-thumlinepost-card solitude-bg__x kc-elm kc-css-718937 inner-service\"><figure class=\"sabbi-thumlinepost-card-figure\">\n                           <img width=\"52\" height=\"72\" src=\"https:\/\/umram.bilkent.edu.tr\/wp-content\/uploads\/2018\/04\/dna-structure.png\" class=\"img-responsive img-thumpost\" alt=\"\" decoding=\"async\" loading=\"lazy\" \/>\n                          <\/figure><div class=\"sabbi-thumlinepost-card-meta\">\n                        <h2 class=\"info-box-title ht-5\">Manyetik Rezonans (MR) Yaz\u0131l\u0131m M\u00fchendisli\u011fi<\/h2><\/div>\n                <\/article><\/div><\/div><div class=\"kc-elm kc-css-909387 kc_col-sm-3 kc_column kc_col-sm-3\"><div class=\"kc-col-container\"> <article class=\"sabbi-thumlinepost-card solitude-bg__x kc-elm kc-css-227602 inner-service\"><figure class=\"sabbi-thumlinepost-card-figure\">\n                           <img width=\"65\" height=\"80\" src=\"https:\/\/umram.bilkent.edu.tr\/wp-content\/uploads\/2018\/04\/earth-globe.png\" class=\"img-responsive img-thumpost\" alt=\"\" decoding=\"async\" loading=\"lazy\" \/>\n                          <\/figure><div class=\"sabbi-thumlinepost-card-meta\">\n                        <h2 class=\"info-box-title ht-5\">Psikoloji ve Sinirbilim<\/h2><\/div>\n                <\/article><\/div><\/div><div class=\"kc-elm kc-css-345753 kc_col-sm-3 kc_column kc_col-sm-3\"><div class=\"kc-col-container\"> <article class=\"sabbi-thumlinepost-card solitude-bg__x kc-elm kc-css-667125 inner-service\"><figure class=\"sabbi-thumlinepost-card-figure\">\n                           <img width=\"75\" height=\"67\" src=\"https:\/\/umram.bilkent.edu.tr\/wp-content\/uploads\/2018\/04\/atom.png\" class=\"img-responsive img-thumpost\" alt=\"\" decoding=\"async\" loading=\"lazy\" \/>\n                          <\/figure><div class=\"sabbi-thumlinepost-card-meta\">\n                        <h2 class=\"info-box-title ht-5\">Radyoloji<\/h2><\/div>\n                <\/article><\/div><\/div><\/div><\/div><\/section><section data-kc-fullwidth=\"row\" class=\"kc-elm kc-css-598409 kc_row\"><div class=\"kc-row-container  kc-container\"><div class=\"kc-wrap-columns\"><div class=\"kc-elm kc-css-828511 kc_col-sm-4 kc_column kc_col-sm-4\"><div class=\"kc-col-container\"><\/div><\/div><div class=\"kc-elm kc-css-291680 kc_col-sm-4 kc_column kc_col-sm-4\"><div class=\"kc-col-container\">\n<div class=\"kc-elm kc-css-309915 kc-pro-button kc-button-5\">\n\t<a href=\"https:\/\/umram.bilkent.edu.tr\/index.php\/tr\/arastirma-gruplari\/\">\n\t\t<span class=\"creative_title\">UMRAM Ara\u015ft\u0131rma Gruplar\u0131<\/span>\t<\/a>\n<\/div>\n<\/div><\/div><div class=\"kc-elm kc-css-921978 kc_col-sm-4 kc_column kc_col-sm-4\"><div class=\"kc-col-container\"><\/div><\/div><\/div><\/div><\/section>\n","protected":false},"excerpt":{"rendered":"","protected":false},"author":1,"featured_media":2196,"parent":0,"menu_order":0,"comment_status":"closed","ping_status":"closed","template":"","meta":[],"_links":{"self":[{"href":"https:\/\/umram.bilkent.edu.tr\/index.php\/wp-json\/wp\/v2\/pages\/3348"}],"collection":[{"href":"https:\/\/umram.bilkent.edu.tr\/index.php\/wp-json\/wp\/v2\/pages"}],"about":[{"href":"https:\/\/umram.bilkent.edu.tr\/index.php\/wp-json\/wp\/v2\/types\/page"}],"author":[{"embeddable":true,"href":"https:\/\/umram.bilkent.edu.tr\/index.php\/wp-json\/wp\/v2\/users\/1"}],"replies":[{"embeddable":true,"href":"https:\/\/umram.bilkent.edu.tr\/index.php\/wp-json\/wp\/v2\/comments?post=3348"}],"version-history":[{"count":13,"href":"https:\/\/umram.bilkent.edu.tr\/index.php\/wp-json\/wp\/v2\/pages\/3348\/revisions"}],"predecessor-version":[{"id":4203,"href":"https:\/\/umram.bilkent.edu.tr\/index.php\/wp-json\/wp\/v2\/pages\/3348\/revisions\/4203"}],"wp:featuredmedia":[{"embeddable":true,"href":"https:\/\/umram.bilkent.edu.tr\/index.php\/wp-json\/wp\/v2\/media\/2196"}],"wp:attachment":[{"href":"https:\/\/umram.bilkent.edu.tr\/index.php\/wp-json\/wp\/v2\/media?parent=3348"}],"curies":[{"name":"wp","href":"https:\/\/api.w.org\/{rel}","templated":true}]}}