{"id":3357,"date":"2018-09-11T15:26:42","date_gmt":"2018-09-11T12:26:42","guid":{"rendered":"https:\/\/umram.bilkent.edu.tr\/?page_id=3357"},"modified":"2023-10-12T08:52:03","modified_gmt":"2023-10-12T05:52:03","slug":"kariyer","status":"publish","type":"page","link":"https:\/\/umram.bilkent.edu.tr\/index.php\/kariyer\/","title":{"rendered":"Kariyer"},"content":{"rendered":"<section class=\"kc-elm kc-css-836204 kc_row\"><div class=\"kc-row-container  kc-container\"><div class=\"kc-wrap-columns\"><div class=\"kc-elm kc-css-675998 kc_col-sm-8 kc_column kc_col-sm-8\"><div class=\"kc-col-container\">\n<div class=\"kc-elm kc-css-367895 kc-blog-posts kc-blog-posts-2 kc-image-align-both\">\n\t\n\t\t\n\t\t\t\t<div class=\"kc-list-item-2\">\n\n\t\t\t\t\t\n\t\t\t\t\t\t<div class=\"post-item-left\">\n\t\t\t\t\t\t\t<div class=\"post_details\">\n\t\t\t\t\t\t\t\t<h2 class=\"post-title-alt\"><a\n\t\t\t\t\t\t\t\t\t\thref=\"https:\/\/umram.bilkent.edu.tr\/index.php\/2026\/02\/09\/2026-summer-internship-applications\/\"\n\t\t\t\t\t\t\t\t\t\ttitle=\"2026 Summer Internship Applications\">2026 Summer Internship Applications<\/a>\n\t\t\t\t\t\t\t\t<\/h2>\n\t\t\t\t\t\t\t\t\t\t\t\t\t\t\t<\/div>\n\t\t\t\t\t\t\t\t\t\t\t\t\t\t\t<p>Send your summer internship applications by e-mail to ferdi.akkaya.edu.tr with your CV and personal contact information. In order for your&hellip;<\/p>\n\t\t\t\t\t\t\t\t\t\t\t\t\t\t<a href=\"https:\/\/umram.bilkent.edu.tr\/index.php\/2026\/02\/09\/2026-summer-internship-applications\/\"\n\t\t\t\t\t\t\t   class=\"kc-post-2-button\">Read more <i\n\t\t\t\t\t\t\t\t\tclass=\"fa fa-angle-right\" aria-hidden=\"true\"><\/i><\/a>\n\t\t\t\t\t\t\t\t\t\t\t\t\t<\/div>\n\t\t\t\t\t\t<div class=\"post-item-right\">\n\t\t\t\t\t\t\t<figure>\n\t\t\t\t\t\t\t\t<img src=\"https:\/\/umram.bilkent.edu.tr\/wp-content\/uploads\/2025\/02\/join-us-icon-scaled-543x304xct.jpg\"\n\t\t\t\t\t\t\t\t     alt=\"2026 Summer Internship Applications\">\n\t\t\t\t\t\t\t<\/figure>\n\t\t\t\t\t\t<\/div>\n\n\t\t\t\t\t\n\t\t\t\t<\/div>\n\n\t\t\t\t\n\t\t\t\t<div class=\"kc-list-item-2\">\n\n\t\t\t\t\t\t\t\t\t\t\t\t\t\t\t\t\t\t<div class=\"post-item-left\">\n\t\t\t\t\t\t\t\t<figure>\n\t\t\t\t\t\t\t\t\t<img src=\"https:\/\/umram.bilkent.edu.tr\/wp-content\/uploads\/2025\/02\/join-us-icon-scaled-543x304xct.jpg\"\n\t\t\t\t\t\t\t\t\t     alt=\"Join Our Research Team: Network of European Funding for Neuroscience Research Postdoctoral Fellowship\">\n\t\t\t\t\t\t\t\t<\/figure>\n\t\t\t\t\t\t\t<\/div>\n\t\t\t\t\t\t\t\t\t\t\t\t<div class=\"post-item-right\">\n\t\t\t\t\t\t\t<div class=\"post_details\">\n\t\t\t\t\t\t\t\t<h2 class=\"post-title-alt\"><a\n\t\t\t\t\t\t\t\t\t\thref=\"https:\/\/umram.bilkent.edu.tr\/index.php\/2025\/05\/16\/join-our-research-team-network-of-european-funding-for-neuroscience-research-postdoctoral-fellowship\/\"\n\t\t\t\t\t\t\t\t\t\ttitle=\"Join Our Research Team: Network of European Funding for Neuroscience Research Postdoctoral Fellowship\">Join Our Research Team: Network of European Funding for Neuroscience Research Postdoctoral Fellowship<\/a>\n\t\t\t\t\t\t\t\t<\/h2>\n\n\t\t\t\t\t\t\t\t\t\t\t\t\t\t\t<\/div>\n\t\t\t\t\t\t\t\t\t\t\t\t\t\t\t<p>Join Our Research Team: Network of European Funding for Neuroscience Research Postdoctoral Fellowship on Mechanisms Of Resilience And Vulnerability To&hellip;<\/p>\n\t\t\t\t\t\t\t\t\t\t\t\t\t\t<a href=\"https:\/\/umram.bilkent.edu.tr\/index.php\/2025\/05\/16\/join-our-research-team-network-of-european-funding-for-neuroscience-research-postdoctoral-fellowship\/\"\n\t\t\t\t\t\t\t   class=\"kc-post-2-button\">Read more <i\n\t\t\t\t\t\t\t\t\tclass=\"fa fa-angle-right\" aria-hidden=\"true\"><\/i><\/a>\n\t\t\t\t\t\t\t\t\t\t\t\t\t<\/div>\n\n\t\t\t\t\t\n\t\t\t\t<\/div>\n\n\t\t\t\t\n\t\t\t\t<div class=\"kc-list-item-2\">\n\n\t\t\t\t\t\n\t\t\t\t\t\t<div class=\"post-item-left\">\n\t\t\t\t\t\t\t<div class=\"post_details\">\n\t\t\t\t\t\t\t\t<h2 class=\"post-title-alt\"><a\n\t\t\t\t\t\t\t\t\t\thref=\"https:\/\/umram.bilkent.edu.tr\/index.php\/2025\/02\/03\/2025-summer-internship-applications\/\"\n\t\t\t\t\t\t\t\t\t\ttitle=\"2025 Summer Internship Applications\">2025 Summer Internship Applications<\/a>\n\t\t\t\t\t\t\t\t<\/h2>\n\t\t\t\t\t\t\t\t\t\t\t\t\t\t\t<\/div>\n\t\t\t\t\t\t\t\t\t\t\t\t\t\t\t<p>Send your summer internship applications by e-mail to ferdi.akkaya.edu.tr with your CV and personal contact information. In order for your&hellip;<\/p>\n\t\t\t\t\t\t\t\t\t\t\t\t\t\t<a href=\"https:\/\/umram.bilkent.edu.tr\/index.php\/2025\/02\/03\/2025-summer-internship-applications\/\"\n\t\t\t\t\t\t\t   class=\"kc-post-2-button\">Read more <i\n\t\t\t\t\t\t\t\t\tclass=\"fa fa-angle-right\" aria-hidden=\"true\"><\/i><\/a>\n\t\t\t\t\t\t\t\t\t\t\t\t\t<\/div>\n\t\t\t\t\t\t<div class=\"post-item-right\">\n\t\t\t\t\t\t\t<figure>\n\t\t\t\t\t\t\t\t<img src=\"https:\/\/umram.bilkent.edu.tr\/wp-content\/uploads\/2025\/02\/join-us-icon-scaled-543x304xct.jpg\"\n\t\t\t\t\t\t\t\t     alt=\"2025 Summer Internship Applications\">\n\t\t\t\t\t\t\t<\/figure>\n\t\t\t\t\t\t<\/div>\n\n\t\t\t\t\t\n\t\t\t\t<\/div>\n\n\t\t\t\t\n\t\t\t\t<div class=\"kc-list-item-2\">\n\n\t\t\t\t\t\t\t\t\t\t\t\t\t\t\t\t\t\t<div class=\"post-item-left\">\n\t\t\t\t\t\t\t\t<figure>\n\t\t\t\t\t\t\t\t\t<img src=\"https:\/\/umram.bilkent.edu.tr\/wp-content\/uploads\/2021\/03\/shutterstock_1899714430-scaled-543x304xct.jpg\"\n\t\t\t\t\t\t\t\t\t     alt=\"Open-Rank Position, Department of Neuroscience at Bilkent University\">\n\t\t\t\t\t\t\t\t<\/figure>\n\t\t\t\t\t\t\t<\/div>\n\t\t\t\t\t\t\t\t\t\t\t\t<div class=\"post-item-right\">\n\t\t\t\t\t\t\t<div class=\"post_details\">\n\t\t\t\t\t\t\t\t<h2 class=\"post-title-alt\"><a\n\t\t\t\t\t\t\t\t\t\thref=\"https:\/\/umram.bilkent.edu.tr\/index.php\/2024\/10\/18\/open-rank-position-department-of-neuroscience-at-bilkent-university\/\"\n\t\t\t\t\t\t\t\t\t\ttitle=\"Open-Rank Position, Department of Neuroscience at Bilkent University\">Open-Rank Position, Department of Neuroscience at Bilkent University<\/a>\n\t\t\t\t\t\t\t\t<\/h2>\n\n\t\t\t\t\t\t\t\t\t\t\t\t\t\t\t<\/div>\n\t\t\t\t\t\t\t\t\t\t\t\t\t\t\t<p>Bilkent University invites applications for multiple open-rank faculty positions in the Department of Neuroscience. The department plans to expand research&hellip;<\/p>\n\t\t\t\t\t\t\t\t\t\t\t\t\t\t<a href=\"https:\/\/umram.bilkent.edu.tr\/index.php\/2024\/10\/18\/open-rank-position-department-of-neuroscience-at-bilkent-university\/\"\n\t\t\t\t\t\t\t   class=\"kc-post-2-button\">Read more <i\n\t\t\t\t\t\t\t\t\tclass=\"fa fa-angle-right\" aria-hidden=\"true\"><\/i><\/a>\n\t\t\t\t\t\t\t\t\t\t\t\t\t<\/div>\n\n\t\t\t\t\t\n\t\t\t\t<\/div>\n\n\t\t\t\t\n\t\t\t\t<div class=\"kc-list-item-2\">\n\n\t\t\t\t\t\n\t\t\t\t\t\t<div class=\"post-item-left\">\n\t\t\t\t\t\t\t<div class=\"post_details\">\n\t\t\t\t\t\t\t\t<h2 class=\"post-title-alt\"><a\n\t\t\t\t\t\t\t\t\t\thref=\"https:\/\/umram.bilkent.edu.tr\/index.php\/2024\/02\/05\/2024-summer-internship-applications\/\"\n\t\t\t\t\t\t\t\t\t\ttitle=\"2024 Summer Internship Applications\">2024 Summer Internship Applications<\/a>\n\t\t\t\t\t\t\t\t<\/h2>\n\t\t\t\t\t\t\t\t\t\t\t\t\t\t\t<\/div>\n\t\t\t\t\t\t\t\t\t\t\t\t\t\t\t<p>The internship application process has been completed and accepted candidates will be contacted by May 2, 2024. &nbsp; &nbsp; &nbsp;<\/p>\n\t\t\t\t\t\t\t\t\t\t\t\t\t\t<a href=\"https:\/\/umram.bilkent.edu.tr\/index.php\/2024\/02\/05\/2024-summer-internship-applications\/\"\n\t\t\t\t\t\t\t   class=\"kc-post-2-button\">Read more <i\n\t\t\t\t\t\t\t\t\tclass=\"fa fa-angle-right\" aria-hidden=\"true\"><\/i><\/a>\n\t\t\t\t\t\t\t\t\t\t\t\t\t<\/div>\n\t\t\t\t\t\t<div class=\"post-item-right\">\n\t\t\t\t\t\t\t<figure>\n\t\t\t\t\t\t\t\t<img src=\"https:\/\/umram.bilkent.edu.tr\/wp-content\/uploads\/2021\/03\/shutterstock_1899714430-scaled-543x304xct.jpg\"\n\t\t\t\t\t\t\t\t     alt=\"2024 Summer Internship Applications\">\n\t\t\t\t\t\t\t<\/figure>\n\t\t\t\t\t\t<\/div>\n\n\t\t\t\t\t\n\t\t\t\t<\/div>\n\n\t\t\t\t\n\t\t\t\t<div class=\"kc-list-item-2\">\n\n\t\t\t\t\t\t\t\t\t\t\t\t\t\t\t\t\t\t<div class=\"post-item-left\">\n\t\t\t\t\t\t\t\t<figure>\n\t\t\t\t\t\t\t\t\t<img src=\"https:\/\/umram.bilkent.edu.tr\/wp-content\/uploads\/2021\/03\/shutterstock_1899714430-scaled-543x304xct.jpg\"\n\t\t\t\t\t\t\t\t\t     alt=\"2022 Summer Internship Announcement\">\n\t\t\t\t\t\t\t\t<\/figure>\n\t\t\t\t\t\t\t<\/div>\n\t\t\t\t\t\t\t\t\t\t\t\t<div class=\"post-item-right\">\n\t\t\t\t\t\t\t<div class=\"post_details\">\n\t\t\t\t\t\t\t\t<h2 class=\"post-title-alt\"><a\n\t\t\t\t\t\t\t\t\t\thref=\"https:\/\/umram.bilkent.edu.tr\/index.php\/2022\/01\/28\/2022-summer-internship-announcement\/\"\n\t\t\t\t\t\t\t\t\t\ttitle=\"2022 Summer Internship Announcement\">2022 Summer Internship Announcement<\/a>\n\t\t\t\t\t\t\t\t<\/h2>\n\n\t\t\t\t\t\t\t\t\t\t\t\t\t\t\t<\/div>\n\t\t\t\t\t\t\t\t\t\t\t\t\t\t\t<p>Send your summer internship applications by e-mail to aydan@ee.bilkent.edu.tr with your CV and personal contact information. In order for your&hellip;<\/p>\n\t\t\t\t\t\t\t\t\t\t\t\t\t\t<a href=\"https:\/\/umram.bilkent.edu.tr\/index.php\/2022\/01\/28\/2022-summer-internship-announcement\/\"\n\t\t\t\t\t\t\t   class=\"kc-post-2-button\">Read more <i\n\t\t\t\t\t\t\t\t\tclass=\"fa fa-angle-right\" aria-hidden=\"true\"><\/i><\/a>\n\t\t\t\t\t\t\t\t\t\t\t\t\t<\/div>\n\n\t\t\t\t\t\n\t\t\t\t<\/div>\n\n\t\t\t\t\n\t\t\t\t<div class=\"kc-list-item-2\">\n\n\t\t\t\t\t\n\t\t\t\t\t\t<div class=\"post-item-left\">\n\t\t\t\t\t\t\t<div class=\"post_details\">\n\t\t\t\t\t\t\t\t<h2 class=\"post-title-alt\"><a\n\t\t\t\t\t\t\t\t\t\thref=\"https:\/\/umram.bilkent.edu.tr\/index.php\/2021\/03\/17\/umram-can-be-your-host\/\"\n\t\t\t\t\t\t\t\t\t\ttitle=\"UMRAM can be your host!\">UMRAM can be your host!<\/a>\n\t\t\t\t\t\t\t\t<\/h2>\n\t\t\t\t\t\t\t\t\t\t\t\t\t\t\t<\/div>\n\t\t\t\t\t\t\t\t\t\t\t\t\t\t\t<p>TUBITAK\u00a0has two programs that are designed for attracting young and\/or leader investigators to Turkey. Please consider UMRAM as a possible&hellip;<\/p>\n\t\t\t\t\t\t\t\t\t\t\t\t\t\t<a href=\"https:\/\/umram.bilkent.edu.tr\/index.php\/2021\/03\/17\/umram-can-be-your-host\/\"\n\t\t\t\t\t\t\t   class=\"kc-post-2-button\">Read more <i\n\t\t\t\t\t\t\t\t\tclass=\"fa fa-angle-right\" aria-hidden=\"true\"><\/i><\/a>\n\t\t\t\t\t\t\t\t\t\t\t\t\t<\/div>\n\t\t\t\t\t\t<div class=\"post-item-right\">\n\t\t\t\t\t\t\t<figure>\n\t\t\t\t\t\t\t\t<img src=\"https:\/\/umram.bilkent.edu.tr\/wp-content\/uploads\/2021\/03\/host-543x304xct.jpg\"\n\t\t\t\t\t\t\t\t     alt=\"UMRAM can be your host!\">\n\t\t\t\t\t\t\t<\/figure>\n\t\t\t\t\t\t<\/div>\n\n\t\t\t\t\t\n\t\t\t\t<\/div>\n\n\t\t\t\t\n\t\t\t\t<div class=\"kc-list-item-2\">\n\n\t\t\t\t\t\t\t\t\t\t\t\t\t\t\t\t\t\t<div class=\"post-item-left\">\n\t\t\t\t\t\t\t\t<figure>\n\t\t\t\t\t\t\t\t\t<img src=\"https:\/\/umram.bilkent.edu.tr\/wp-content\/uploads\/2021\/03\/shutterstock_1899714430-scaled-543x304xct.jpg\"\n\t\t\t\t\t\t\t\t\t     alt=\"Summer Internship Announcement\">\n\t\t\t\t\t\t\t\t<\/figure>\n\t\t\t\t\t\t\t<\/div>\n\t\t\t\t\t\t\t\t\t\t\t\t<div class=\"post-item-right\">\n\t\t\t\t\t\t\t<div class=\"post_details\">\n\t\t\t\t\t\t\t\t<h2 class=\"post-title-alt\"><a\n\t\t\t\t\t\t\t\t\t\thref=\"https:\/\/umram.bilkent.edu.tr\/index.php\/2021\/03\/16\/summer-internship-announcement\/\"\n\t\t\t\t\t\t\t\t\t\ttitle=\"Summer Internship Announcement\">Summer Internship Announcement<\/a>\n\t\t\t\t\t\t\t\t<\/h2>\n\n\t\t\t\t\t\t\t\t\t\t\t\t\t\t\t<\/div>\n\t\t\t\t\t\t\t\t\t\t\t\t\t\t\t<p>Send your summer internship applications by e-mail to aydan@ee.bilkent.edu.tr with your CV and personal contact information. &nbsp; &nbsp; ***STUDENTS WHO&hellip;<\/p>\n\t\t\t\t\t\t\t\t\t\t\t\t\t\t<a href=\"https:\/\/umram.bilkent.edu.tr\/index.php\/2021\/03\/16\/summer-internship-announcement\/\"\n\t\t\t\t\t\t\t   class=\"kc-post-2-button\">Read more <i\n\t\t\t\t\t\t\t\t\tclass=\"fa fa-angle-right\" aria-hidden=\"true\"><\/i><\/a>\n\t\t\t\t\t\t\t\t\t\t\t\t\t<\/div>\n\n\t\t\t\t\t\n\t\t\t\t<\/div>\n\n\t\t\t\t\n\t\n<\/div>\n<\/div><\/div><div class=\"kc-elm kc-css-168126 kc_col-sm-4 kc_column kc_col-sm-4\"><div class=\"kc-col-container\"><div class=\"addr_future_memb contact-info kc-elm kc-css-835497\"><h4 class=\"entry-title\">Ba\u015fvurular\u0131n\u0131z i\u00e7in:<\/h4><p><a href=\"https:\/\/umram.bilkent.edu.tr\/index.php\/teams\/ferdi-akkaya\/\">Ferdi Akkaya<\/a><\/p>\n<p><strong>Tel:<\/strong> +90 312 290 1154<br \/><strong>Eposta:\u00a0<\/strong> ferdi.akkaya@bilkent.edu.tr<\/p>\n<\/div><div class=\"addr_future_memb kc-elm kc-css-988451\"><h4 class=\"entry-title\">Adres<\/h4><div class=\"address-entry\"><p>\nAysel Sabuncu Beyin Arastirmalari Merkezi<br \/>Bilkent \u00dcniversitesi<br \/>Bilkent, Ankara, 06800<\/p>\n<\/div><\/div><div class=\"kc-elm kc-css-66869 kc_google_maps kc_shortcode\"><div style=\"height: 350px\" class=\"kc-google-maps\"><iframe src=\"https:\/\/www.google.com\/maps\/embed?pb=!1m18!1m12!1m3!1d3062.0420952844834!2d32.74366031578152!3d39.87329497943205!2m3!1f0!2f0!3f0!3m2!1i1024!2i768!4f13.1!3m3!1m2!1s0x14d34713c166cbc1%3A0xa37b15feb68144e2!2sUMRAM!5e0!3m2!1str!2str!4v1535380316003\" width=\"100%\" height=\"350\" frameborder=\"0\" style=\"border:0\" allowfullscreen><\/iframe><\/div><\/div><\/div><\/div><\/div><\/div><\/section>\n","protected":false},"excerpt":{"rendered":"","protected":false},"author":1,"featured_media":2287,"parent":0,"menu_order":0,"comment_status":"closed","ping_status":"closed","template":"","meta":[],"_links":{"self":[{"href":"https:\/\/umram.bilkent.edu.tr\/index.php\/wp-json\/wp\/v2\/pages\/3357"}],"collection":[{"href":"https:\/\/umram.bilkent.edu.tr\/index.php\/wp-json\/wp\/v2\/pages"}],"about":[{"href":"https:\/\/umram.bilkent.edu.tr\/index.php\/wp-json\/wp\/v2\/types\/page"}],"author":[{"embeddable":true,"href":"https:\/\/umram.bilkent.edu.tr\/index.php\/wp-json\/wp\/v2\/users\/1"}],"replies":[{"embeddable":true,"href":"https:\/\/umram.bilkent.edu.tr\/index.php\/wp-json\/wp\/v2\/comments?post=3357"}],"version-history":[{"count":4,"href":"https:\/\/umram.bilkent.edu.tr\/index.php\/wp-json\/wp\/v2\/pages\/3357\/revisions"}],"predecessor-version":[{"id":12436,"href":"https:\/\/umram.bilkent.edu.tr\/index.php\/wp-json\/wp\/v2\/pages\/3357\/revisions\/12436"}],"wp:featuredmedia":[{"embeddable":true,"href":"https:\/\/umram.bilkent.edu.tr\/index.php\/wp-json\/wp\/v2\/media\/2287"}],"wp:attachment":[{"href":"https:\/\/umram.bilkent.edu.tr\/index.php\/wp-json\/wp\/v2\/media?parent=3357"}],"curies":[{"name":"wp","href":"https:\/\/api.w.org\/{rel}","templated":true}]}}