{"id":3365,"date":"2018-09-11T15:31:24","date_gmt":"2018-09-11T12:31:24","guid":{"rendered":"https:\/\/umram.bilkent.edu.tr\/?page_id=3365"},"modified":"2023-10-11T10:24:24","modified_gmt":"2023-10-11T07:24:24","slug":"ekipman","status":"publish","type":"page","link":"https:\/\/umram.bilkent.edu.tr\/index.php\/tr\/ekipman\/","title":{"rendered":"Ekipman"},"content":{"rendered":"<section class=\"kc-elm kc-css-183966 kc_row\"><div class=\"kc-row-container  kc-container\"><div class=\"kc-wrap-columns\"><div class=\"kc-elm kc-css-417685 kc_col-sm-12 kc_column kc_col-sm-12\"><div class=\"kc-col-container\"><div class=\"kc-elm kc-css-815172\" style=\"height: 20px; clear: both; width:100%;\"><\/div><\/div><\/div><\/div><\/div><\/section><section class=\"kc-elm kc-css-710589 kc_row\"><div class=\"kc-row-container  kc-container\"><div class=\"kc-wrap-columns\"><div class=\"kc-elm kc-css-349343 kc_col-sm-4 kc_column kc_col-sm-4\"><div class=\"kc-col-container\"> <article class=\"sabbi-thumlinepost-card solitude-bg__x kc-elm kc-css-626708\"><figure class=\"sabbi-thumlinepost-card-figure\">\n                           <img width=\"499\" height=\"369\" src=\"https:\/\/umram.bilkent.edu.tr\/wp-content\/uploads\/2018\/08\/3t-1.jpg\" class=\"img-responsive img-thumpost\" alt=\"\" decoding=\"async\" loading=\"lazy\" srcset=\"https:\/\/umram.bilkent.edu.tr\/wp-content\/uploads\/2018\/08\/3t-1.jpg 499w, https:\/\/umram.bilkent.edu.tr\/wp-content\/uploads\/2018\/08\/3t-1-300x222.jpg 300w, https:\/\/umram.bilkent.edu.tr\/wp-content\/uploads\/2018\/08\/3t-1-227x168.jpg 227w\" sizes=\"(max-width: 499px) 100vw, 499px\" \/>\n                          <\/figure><div class=\"sabbi-thumlinepost-card-meta\">\n                        <h2 class=\"info-box-title ht-5\">3 Tesla MRG - Siemens Magnetom<\/h2><p>UMRAM, iletim dizisi kabiliyetine sahip bir Siemens MAGNETOM Trio sistemine sahiptir.<\/p>\n<p>- fMRI ve DTI dizi lisanslar\u0131<br \/>\n- olu\u015fan g\u00f6rsel bir uyaran sunum sistemi<br \/>\nNEC NP125 projekt\u00f6r<br \/>\nNuView 489MCZ900 uzun mesafeli lens<br \/>\n2 x birinci yans\u0131tma aynalar\u0131 (DaLite)<br \/>\nSaydam backprojection ekran\u0131<\/p>\n<p>- fORP 904 fMRI tetikleyici ve yan\u0131t sistemi (G\u00fcncel Tasar\u0131mlar)<br \/>\n- Uzun menzilli optik MR uyumlu g\u00f6z izleme sistemi (ASL)<br \/>\n- fMRI analizi i\u00e7in 3 x Brainvoyager lisans\u0131<br \/>\n- Veri analizi i\u00e7in 8 \u00e7ekirdekli i\u015f istasyonu (HP Z600)<\/p>\n<\/div>\n                <\/article><\/div><\/div><div class=\"kc-elm kc-css-565571 kc_col-sm-4 kc_column kc_col-sm-4\"><div class=\"kc-col-container\"> <article class=\"sabbi-thumlinepost-card solitude-bg__x kc-elm kc-css-340288\"><figure class=\"sabbi-thumlinepost-card-figure\">\n                           <img width=\"2500\" height=\"1667\" src=\"https:\/\/umram.bilkent.edu.tr\/wp-content\/uploads\/2018\/08\/aselsan_arge_img_2848-2.jpg\" class=\"img-responsive img-thumpost\" alt=\"\" decoding=\"async\" loading=\"lazy\" srcset=\"https:\/\/umram.bilkent.edu.tr\/wp-content\/uploads\/2018\/08\/aselsan_arge_img_2848-2.jpg 2500w, https:\/\/umram.bilkent.edu.tr\/wp-content\/uploads\/2018\/08\/aselsan_arge_img_2848-2-300x200.jpg 300w, https:\/\/umram.bilkent.edu.tr\/wp-content\/uploads\/2018\/08\/aselsan_arge_img_2848-2-768x512.jpg 768w, https:\/\/umram.bilkent.edu.tr\/wp-content\/uploads\/2018\/08\/aselsan_arge_img_2848-2-1024x683.jpg 1024w, https:\/\/umram.bilkent.edu.tr\/wp-content\/uploads\/2018\/08\/aselsan_arge_img_2848-2-555x370.jpg 555w, https:\/\/umram.bilkent.edu.tr\/wp-content\/uploads\/2018\/08\/aselsan_arge_img_2848-2-600x400.jpg 600w\" sizes=\"(max-width: 2500px) 100vw, 2500px\" \/>\n                          <\/figure><div class=\"sabbi-thumlinepost-card-meta\">\n                        <h2 class=\"info-box-title ht-5\">1.5 Tesla MRG - Scimedix<\/h2><p>UMRAM bir 1.5T Scimedix MRG taray\u0131c\u0131ya ev sahipli\u011fi yapmaktad\u0131r. Taray\u0131c\u0131 2016 y\u0131l\u0131nda kurulmu\u015ftur. Bu sistem yaz\u0131l\u0131m ve donan\u0131m geli\u015ftirme i\u00e7in a\u00e7\u0131k olacak \u015fekilde tasarlanm\u0131\u015ft\u0131r.<\/p>\n<\/div>\n                <\/article><\/div><\/div><div class=\"kc-elm kc-css-714914 kc_col-sm-4 kc_column kc_col-sm-4\"><div class=\"kc-col-container\"> <article class=\"sabbi-thumlinepost-card solitude-bg__x kc-elm kc-css-512283\"><figure class=\"sabbi-thumlinepost-card-figure\">\n                           <img width=\"500\" height=\"375\" src=\"https:\/\/umram.bilkent.edu.tr\/wp-content\/uploads\/2018\/08\/Psychophysics-Lab.jpg\" class=\"img-responsive img-thumpost\" alt=\"\" decoding=\"async\" loading=\"lazy\" srcset=\"https:\/\/umram.bilkent.edu.tr\/wp-content\/uploads\/2018\/08\/Psychophysics-Lab.jpg 500w, https:\/\/umram.bilkent.edu.tr\/wp-content\/uploads\/2018\/08\/Psychophysics-Lab-300x225.jpg 300w, https:\/\/umram.bilkent.edu.tr\/wp-content\/uploads\/2018\/08\/Psychophysics-Lab-360x270.jpg 360w\" sizes=\"(max-width: 500px) 100vw, 500px\" \/>\n                          <\/figure><div class=\"sabbi-thumlinepost-card-meta\">\n                        <h2 class=\"info-box-title ht-5\">Psikofizik Laboratuvar\u0131<\/h2><p>Psikofizik laboratuvar\u0131 g\u00f6rsel ara\u015ft\u0131rma deneylerine adanm\u0131\u015f karanl\u0131k bir odad\u0131r.<br \/>\nBizim ekipman a\u015fa\u011f\u0131dakileri i\u00e7erir<\/p>\n<p>- Masa\u00fcst\u00fc uzaktan monte optik g\u00f6z izleme sistemi (Uygulamal\u0131 Bilim Laboratuvarlar\u0131)<br \/>\n- \u00dc\u00e7 Masa\u00fcst\u00fc Bilgisayar<br \/>\n- \u0130ki adet 21 in\u00e7, bir adet 30 in\u00e7 LCD monit\u00f6r (NEC)<br \/>\n- \u0130ki kafa \/ \u00e7ene deste\u011fi<\/p>\n<\/div>\n                <\/article><\/div><\/div><\/div><\/div><\/section><section class=\"kc-elm kc-css-907571 kc_row\"><div class=\"kc-row-container  kc-container\"><div class=\"kc-wrap-columns\"><div class=\"kc-elm kc-css-528932 kc_col-sm-4 kc_column kc_col-sm-4\"><div class=\"kc-col-container\"> <article class=\"sabbi-thumlinepost-card solitude-bg__x kc-elm kc-css-479688\"><figure class=\"sabbi-thumlinepost-card-figure\">\n                           <img width=\"2448\" height=\"3264\" src=\"https:\/\/umram.bilkent.edu.tr\/wp-content\/uploads\/2018\/08\/psikofizik-lab-1.jpg\" class=\"img-responsive img-thumpost\" alt=\"\" decoding=\"async\" loading=\"lazy\" srcset=\"https:\/\/umram.bilkent.edu.tr\/wp-content\/uploads\/2018\/08\/psikofizik-lab-1.jpg 2448w, https:\/\/umram.bilkent.edu.tr\/wp-content\/uploads\/2018\/08\/psikofizik-lab-1-225x300.jpg 225w, https:\/\/umram.bilkent.edu.tr\/wp-content\/uploads\/2018\/08\/psikofizik-lab-1-768x1024.jpg 768w, https:\/\/umram.bilkent.edu.tr\/wp-content\/uploads\/2018\/08\/psikofizik-lab-1-600x800.jpg 600w\" sizes=\"(max-width: 2448px) 100vw, 2448px\" \/>\n                          <\/figure><div class=\"sabbi-thumlinepost-card-meta\">\n                        <h2 class=\"info-box-title ht-5\">EEG Sistemi<\/h2><p>UMRAM, 64 kanall\u0131 MR Uyumlu EEG Sistemini (Brain Products, GmbH) bar\u0131nd\u0131rmaktad\u0131r.<\/p>\n<p>Sistem a\u015fa\u011f\u0131dakileri i\u00e7erir:<br \/>\n- BrainAmp MR: MR Uyumlu Y\u00fckselte\u00e7 (64 kanal)<br \/>\n- BrainAmp ExG MR: MR Uyumlu Bipolar Sistemi (12 kanal)<br \/>\n- SyncBox: EEG ekipman\u0131 ve MRI taray\u0131c\u0131 aras\u0131ndaki faz senkronizasyonu<br \/>\n- Yaz\u0131l\u0131mlar: BrainVision Analyzer - BrainVision Kaydedici - BrainVision RecView<\/p>\n<\/div>\n                <\/article><\/div><\/div><div class=\"kc-elm kc-css-39049 kc_col-sm-4 kc_column kc_col-sm-4\"><div class=\"kc-col-container\"> <article class=\"sabbi-thumlinepost-card solitude-bg__x kc-elm kc-css-598560\"><figure class=\"sabbi-thumlinepost-card-figure\">\n                           <img width=\"3264\" height=\"2448\" src=\"https:\/\/umram.bilkent.edu.tr\/wp-content\/uploads\/2018\/08\/lab2.jpg\" class=\"img-responsive img-thumpost\" alt=\"\" decoding=\"async\" loading=\"lazy\" srcset=\"https:\/\/umram.bilkent.edu.tr\/wp-content\/uploads\/2018\/08\/lab2.jpg 3264w, https:\/\/umram.bilkent.edu.tr\/wp-content\/uploads\/2018\/08\/lab2-300x225.jpg 300w, https:\/\/umram.bilkent.edu.tr\/wp-content\/uploads\/2018\/08\/lab2-768x576.jpg 768w, https:\/\/umram.bilkent.edu.tr\/wp-content\/uploads\/2018\/08\/lab2-1024x768.jpg 1024w, https:\/\/umram.bilkent.edu.tr\/wp-content\/uploads\/2018\/08\/lab2-360x270.jpg 360w, https:\/\/umram.bilkent.edu.tr\/wp-content\/uploads\/2018\/08\/lab2-600x450.jpg 600w\" sizes=\"(max-width: 3264px) 100vw, 3264px\" \/>\n                          <\/figure><div class=\"sabbi-thumlinepost-card-meta\">\n                        <h2 class=\"info-box-title ht-5\">RF Laboratuvar\u0131<\/h2><p>Radyofrekans laboratuvar\u0131, radyofrekans bobinleri olu\u015fturmak i\u00e7in gerekli t\u00fcm alet ve \u00f6l\u00e7\u00fcm cihazlar\u0131 ile donat\u0131lm\u0131\u015ft\u0131r.<\/p>\n<\/div>\n                <\/article><\/div><\/div><div class=\"kc-elm kc-css-818567 kc_col-sm-4 kc_column kc_col-sm-4\"><div class=\"kc-col-container\"> <article class=\"sabbi-thumlinepost-card solitude-bg__x kc-elm kc-css-335654\"><figure class=\"sabbi-thumlinepost-card-figure\">\n                           <img width=\"2448\" height=\"3264\" src=\"https:\/\/umram.bilkent.edu.tr\/wp-content\/uploads\/2018\/08\/lab3.jpg\" class=\"img-responsive img-thumpost\" alt=\"\" decoding=\"async\" loading=\"lazy\" srcset=\"https:\/\/umram.bilkent.edu.tr\/wp-content\/uploads\/2018\/08\/lab3.jpg 2448w, https:\/\/umram.bilkent.edu.tr\/wp-content\/uploads\/2018\/08\/lab3-225x300.jpg 225w, https:\/\/umram.bilkent.edu.tr\/wp-content\/uploads\/2018\/08\/lab3-768x1024.jpg 768w, https:\/\/umram.bilkent.edu.tr\/wp-content\/uploads\/2018\/08\/lab3-600x800.jpg 600w\" sizes=\"(max-width: 2448px) 100vw, 2448px\" \/>\n                          <\/figure><div class=\"sabbi-thumlinepost-card-meta\">\n                        <h2 class=\"info-box-title ht-5\">Elektronik Laboratuvar\u0131<\/h2><p>Elektronik laboratuvar, proje ve ara\u015ft\u0131rma ama\u00e7l\u0131 gerekli t\u00fcm ara\u00e7 ve \u00f6l\u00e7\u00fcm cihazlar\u0131 ile donat\u0131lm\u0131\u015ft\u0131r.<\/p>\n<\/div>\n                <\/article><\/div><\/div><\/div><\/div><\/section><section class=\"kc-elm kc-css-494997 kc_row\"><div class=\"kc-row-container  kc-container\"><div class=\"kc-wrap-columns\"><div class=\"kc-elm kc-css-175437 kc_col-sm-12 kc_column kc_col-sm-12\"><div class=\"kc-col-container\"> <article class=\"sabbi-thumlinepost-card solitude-bg__x kc-elm kc-css-706298\"><figure class=\"sabbi-thumlinepost-card-figure\">\n                           <img width=\"1920\" height=\"751\" src=\"https:\/\/umram.bilkent.edu.tr\/wp-content\/uploads\/2018\/04\/slider_1.jpg\" class=\"img-responsive img-thumpost\" alt=\"\" decoding=\"async\" loading=\"lazy\" srcset=\"https:\/\/umram.bilkent.edu.tr\/wp-content\/uploads\/2018\/04\/slider_1.jpg 1920w, https:\/\/umram.bilkent.edu.tr\/wp-content\/uploads\/2018\/04\/slider_1-300x117.jpg 300w, https:\/\/umram.bilkent.edu.tr\/wp-content\/uploads\/2018\/04\/slider_1-768x300.jpg 768w, https:\/\/umram.bilkent.edu.tr\/wp-content\/uploads\/2018\/04\/slider_1-1024x401.jpg 1024w, https:\/\/umram.bilkent.edu.tr\/wp-content\/uploads\/2018\/04\/slider_1-600x235.jpg 600w\" sizes=\"(max-width: 1920px) 100vw, 1920px\" \/>\n                          <\/figure><div class=\"sabbi-thumlinepost-card-meta\">\n                        <h2 class=\"info-box-title ht-5\"><\/h2><\/div>\n                <\/article><\/div><\/div><\/div><\/div><\/section>\n","protected":false},"excerpt":{"rendered":"","protected":false},"author":1,"featured_media":1907,"parent":0,"menu_order":0,"comment_status":"closed","ping_status":"closed","template":"","meta":[],"_links":{"self":[{"href":"https:\/\/umram.bilkent.edu.tr\/index.php\/wp-json\/wp\/v2\/pages\/3365"}],"collection":[{"href":"https:\/\/umram.bilkent.edu.tr\/index.php\/wp-json\/wp\/v2\/pages"}],"about":[{"href":"https:\/\/umram.bilkent.edu.tr\/index.php\/wp-json\/wp\/v2\/types\/page"}],"author":[{"embeddable":true,"href":"https:\/\/umram.bilkent.edu.tr\/index.php\/wp-json\/wp\/v2\/users\/1"}],"replies":[{"embeddable":true,"href":"https:\/\/umram.bilkent.edu.tr\/index.php\/wp-json\/wp\/v2\/comments?post=3365"}],"version-history":[{"count":10,"href":"https:\/\/umram.bilkent.edu.tr\/index.php\/wp-json\/wp\/v2\/pages\/3365\/revisions"}],"predecessor-version":[{"id":12010,"href":"https:\/\/umram.bilkent.edu.tr\/index.php\/wp-json\/wp\/v2\/pages\/3365\/revisions\/12010"}],"wp:featuredmedia":[{"embeddable":true,"href":"https:\/\/umram.bilkent.edu.tr\/index.php\/wp-json\/wp\/v2\/media\/1907"}],"wp:attachment":[{"href":"https:\/\/umram.bilkent.edu.tr\/index.php\/wp-json\/wp\/v2\/media?parent=3365"}],"curies":[{"name":"wp","href":"https:\/\/api.w.org\/{rel}","templated":true}]}}