{"id":3367,"date":"2018-09-11T15:32:14","date_gmt":"2018-09-11T12:32:14","guid":{"rendered":"https:\/\/umram.bilkent.edu.tr\/?page_id=3367"},"modified":"2024-01-10T16:26:47","modified_gmt":"2024-01-10T13:26:47","slug":"ogretim-uyeleri","status":"publish","type":"page","link":"https:\/\/umram.bilkent.edu.tr\/index.php\/tr\/ogretim-uyeleri\/","title":{"rendered":"\u00d6\u011fretim \u00dcyeleri"},"content":{"rendered":"<section class=\"kc-elm kc-css-342663 kc_row\"><div class=\"kc-row-container  kc-container\"><div class=\"kc-wrap-columns\"><div class=\"kc-elm kc-css-879104 kc_col-sm-12 kc_column kc_col-sm-12\"><div class=\"kc-col-container\">\n<div class=\"kc-elm kc-css-568687 kc-title-wrap \">\n\n\t<h1 class=\"kc_title\">UMRAM \u00d6\u011fretim \u00dcyeleri<\/h1>\n<\/div>\n<\/div><\/div><\/div><\/div><\/section><section class=\"kc-elm kc-css-752678 kc_row\"><div class=\"kc-row-container  kc-container\"><div class=\"kc-wrap-columns\"><div class=\"kc-elm kc-css-742203 kc_col-sm-12 kc_column kc_col-sm-12\"><div class=\"kc-col-container\"><div class=\"col-sm-6 col-md-4\">\n                    <div class=\"profile-card profile-card-meta_classic kc-elm kc-css-524868\">\n                        <figure>\n                             <img src=\"https:\/\/umram.bilkent.edu.tr\/wp-content\/uploads\/2018\/09\/Ergin-Atalar-foto-new.png\" class=\"img-responsive\" alt=\"\" loading=\"lazy\" \/>\n                            <figcaption><a href=\"https:\/\/umram.bilkent.edu.tr\/index.php\/teams\/ergin-atalar\/\"><h3 class=\"fig-title\">Ergin Atalar<\/h3><\/a><div class=\"fig-title-des\">&#9726; Professor at UMRAM<br> \r\n&#9726; Professor at Department of Electrical and Electronics Engineering<br> \r\n<\/div><div class=\"fig-meta\"><p class=\"fig-cal\"><strong>Call:<\/strong> <span>+90 312 290 3272 (UMRAM) or 1161 (EEE)<\/span><\/p><p class=\"fig-mail\"><strong>Email:<\/strong> <span>ergin.atalar@bilkent.edu.tr<\/span><\/p><\/div>\n                            <\/figcaption>\n                        <\/figure><\/div>\n                <\/div><div class=\"col-sm-6 col-md-4\">\n                    <div class=\"profile-card profile-card-meta_classic kc-elm kc-css-524868\">\n                        <figure>\n                             <img src=\"https:\/\/umram.bilkent.edu.tr\/wp-content\/uploads\/2018\/08\/emine_saritas.jpeg\" class=\"img-responsive\" alt=\"\" loading=\"lazy\" \/>\n                            <figcaption><a href=\"https:\/\/umram.bilkent.edu.tr\/index.php\/teams\/emine-ulku-saritas\/\"><h3 class=\"fig-title\">Emine \u00dclk\u00fc Sar\u0131ta\u015f<\/h3><\/a><div class=\"fig-title-des\">&#9726; Associate Director of UMRAM<br>\r\n&#9726; Associate Professor at Department of Electrical and Electronics Engineering<br> <\/div><div class=\"fig-meta\"><p class=\"fig-cal\"><strong>Call:<\/strong> <span>+90 312 290 3011 (UMRAM) or 3387 (EEE)<\/span><\/p><p class=\"fig-mail\"><strong>Email:<\/strong> <span>saritas@ee.bilkent.edu.tr<\/span><\/p><\/div>\n                            <\/figcaption>\n                        <\/figure><\/div>\n                <\/div><div class=\"team-clearfix\"><\/div><div class=\"col-sm-6 col-md-4\">\n                    <div class=\"profile-card profile-card-meta_classic kc-elm kc-css-524868\">\n                        <figure>\n                             <img src=\"https:\/\/umram.bilkent.edu.tr\/wp-content\/uploads\/2018\/09\/Katja-Doerschner-new-e1536304208264.jpg\" class=\"img-responsive\" alt=\"\" loading=\"lazy\" \/>\n                            <figcaption><a href=\"https:\/\/umram.bilkent.edu.tr\/index.php\/teams\/katja-doerschner\/\"><h3 class=\"fig-title\">Katja Doerschner<\/h3><\/a><div class=\"fig-title-des\">&#9726; Adjunct Professor at UMRAM <br> \r\n<br> \r\n<br> <\/div><div class=\"fig-meta\"><p class=\"fig-cal\"><strong>Call:<\/strong> <span>+90 312 290 3004 (UMRAM)<\/span><\/p><p class=\"fig-mail\"><strong>Email:<\/strong> <span>katja@bilkent.edu.tr<\/span><\/p><\/div>\n                            <\/figcaption>\n                        <\/figure><\/div>\n                <\/div><div class=\"col-sm-6 col-md-4\">\n                    <div class=\"profile-card profile-card-meta_classic kc-elm kc-css-524868\">\n                        <figure>\n                             <img src=\"https:\/\/umram.bilkent.edu.tr\/wp-content\/uploads\/2018\/09\/Michelle-Adams-e1536304220110.jpg\" class=\"img-responsive\" alt=\"\" loading=\"lazy\" \/>\n                            <figcaption><a href=\"https:\/\/umram.bilkent.edu.tr\/index.php\/teams\/michelle-adams\/\"><h3 class=\"fig-title\">Michelle Adams<\/h3><\/a><div class=\"fig-title-des\">&#9726; Director of Psychology Department<br>\r\n&#9726; Professor at UMRAM <br><\/div><div class=\"fig-meta\"><p class=\"fig-cal\"><strong>Call:<\/strong> <span>+90 312 290 1090<\/span><\/p><p class=\"fig-mail\"><strong>Email:<\/strong> <span>michelle@bilkent.edu.tr<\/span><\/p><\/div>\n                            <\/figcaption>\n                        <\/figure><\/div>\n                <\/div><div class=\"team-clearfix\"><\/div><div class=\"col-sm-6 col-md-4\">\n                    <div class=\"profile-card profile-card-meta_classic kc-elm kc-css-524868\">\n                        <figure>\n                             <img src=\"https:\/\/umram.bilkent.edu.tr\/wp-content\/uploads\/2018\/09\/Hulusi-Kafaligonul-e1536304062285.jpg\" class=\"img-responsive\" alt=\"\" loading=\"lazy\" \/>\n                            <figcaption><a href=\"https:\/\/umram.bilkent.edu.tr\/index.php\/teams\/hulusi-kafaligonul\/\"><h3 class=\"fig-title\">Hulusi Kafal\u0131g\u00f6n\u00fcl<\/h3><\/a><div class=\"fig-title-des\">&#9726; Adjunct Professor at UMRAM &amp; Aysel Sabuncu Brain Research Center<br>\r\n<\/div><div class=\"fig-meta\"><p class=\"fig-cal\"><strong>Call:<\/strong> <span>+90 312 290 3016<\/span><\/p><p class=\"fig-mail\"><strong>Email:<\/strong> <span>hulusi@bilkent.edu.tr<\/span><\/p><\/div>\n                            <\/figcaption>\n                        <\/figure><\/div>\n                <\/div><div class=\"col-sm-6 col-md-4\">\n                    <div class=\"profile-card profile-card-meta_classic kc-elm kc-css-524868\">\n                        <figure>\n                             <img src=\"https:\/\/umram.bilkent.edu.tr\/wp-content\/uploads\/2018\/09\/Oktay-Algin-e1536304463281.jpg\" class=\"img-responsive\" alt=\"\" loading=\"lazy\" \/>\n                            <figcaption><a href=\"https:\/\/umram.bilkent.edu.tr\/index.php\/teams\/oktay-algin\/\"><h3 class=\"fig-title\">Oktay Alg\u0131n<\/h3><\/a><div class=\"fig-title-des\">&#9726; Adjunct Researcher at UMRAM <br>\r\n&#9726; Professor of Radiology at Ankara University<br> \r\n<br> \r\n<\/div><div class=\"fig-meta\"><p class=\"fig-cal\"><strong>Call:<\/strong> <span>+90 312 290 3010<\/span><\/p><p class=\"fig-mail\"><strong>Email:<\/strong> <span>oktay.algin@umram.bilkent.edu.tr<\/span><\/p><\/div>\n                            <\/figcaption>\n                        <\/figure><\/div>\n                <\/div><div class=\"team-clearfix\"><\/div><div class=\"col-sm-6 col-md-4\">\n                    <div class=\"profile-card profile-card-meta_classic kc-elm kc-css-524868\">\n                        <figure>\n                             <img src=\"https:\/\/umram.bilkent.edu.tr\/wp-content\/uploads\/2018\/09\/huseyin_boyaci-300x201-e1536304183992.jpg\" class=\"img-responsive\" alt=\"\" loading=\"lazy\" \/>\n                            <figcaption><a href=\"https:\/\/umram.bilkent.edu.tr\/index.php\/teams\/huseyin-boyaci\/\"><h3 class=\"fig-title\">H\u00fcseyin Boyac\u0131<\/h3><\/a><div class=\"fig-title-des\">&#9726; Director of ASBAM<br>\r\n&#9726; Professor and Director of the Interdisciplinary Neuroscience Graduate Program <br>\r\n&#9726; Associate Director of UMRAM<br>\r\n&#9726; Professor at Department of Psychology<br><\/div><div class=\"fig-meta\"><p class=\"fig-cal\"><strong>Call:<\/strong> <span>+90 312 290 3093 (UMRAM) or 1148 (Psyc)<\/span><\/p><p class=\"fig-mail\"><strong>Email:<\/strong> <span>hboyaci@bilkent.edu.tr<\/span><\/p><\/div>\n                            <\/figcaption>\n                        <\/figure><\/div>\n                <\/div><div class=\"col-sm-6 col-md-4\">\n                    <div class=\"profile-card profile-card-meta_classic kc-elm kc-css-524868\">\n                        <figure>\n                             <img src=\"https:\/\/umram.bilkent.edu.tr\/wp-content\/uploads\/2021\/11\/tolga-300x300-1.jpg\" class=\"img-responsive\" alt=\"\" loading=\"lazy\" \/>\n                            <figcaption><a href=\"https:\/\/umram.bilkent.edu.tr\/index.php\/teams\/tolga-cukur\/\"><h3 class=\"fig-title\">Tolga \u00c7ukur<\/h3><\/a><div class=\"fig-title-des\">&#9726; Director of UMRAM<br>\r\n&#9726; Professor at Department of Electrical and Electronics Engineering<br>\r\n&#9726; Professor at Interdisciplinary Neuroscience Graduate Program<br>\r\n<br><\/div><div class=\"fig-meta\"><p class=\"fig-cal\"><strong>Call:<\/strong> <span>+90 312 290 1152 (UMRAM) or 1164 (EEE)<\/span><\/p><p class=\"fig-mail\"><strong>Email:<\/strong> <span>cukur@ee.bilkent.edu.tr<\/span><\/p><\/div>\n                            <\/figcaption>\n                        <\/figure><\/div>\n                <\/div><div class=\"team-clearfix\"><\/div><div class=\"col-sm-6 col-md-4\">\n                    <div class=\"profile-card profile-card-meta_classic kc-elm kc-css-524868\">\n                        <figure>\n                             <img src=\"https:\/\/umram.bilkent.edu.tr\/wp-content\/uploads\/2018\/09\/Hatice-Kader-Karli-Oguz-e1536304050206.jpg\" class=\"img-responsive\" alt=\"\" loading=\"lazy\" \/>\n                            <figcaption><a href=\"https:\/\/umram.bilkent.edu.tr\/index.php\/teams\/kader-karli-oguz\/\"><h3 class=\"fig-title\">Kader Karl\u0131 O\u011fuz<\/h3><\/a><div class=\"fig-title-des\">&#9726; Adjunct Professor at UMRAM <br>\r\n&#9726; Professor at Hacettepe University, Dept.of Radiology, Div. Of Neuroradiology<br> \r\n<br>\r\n<br> \r\n<br> \r\n<br>\r\n<br>\r\n<br><\/div><div class=\"fig-meta\"><\/div>\n                            <\/figcaption>\n                        <\/figure><\/div>\n                <\/div><div class=\"col-sm-6 col-md-4\">\n                    <div class=\"profile-card profile-card-meta_classic kc-elm kc-css-524868\">\n                        <figure>\n                             <img src=\"https:\/\/umram.bilkent.edu.tr\/wp-content\/uploads\/2018\/09\/Timothea-e1536304261399.png\" class=\"img-responsive\" alt=\"\" loading=\"lazy\" \/>\n                            <figcaption><a href=\"https:\/\/umram.bilkent.edu.tr\/index.php\/teams\/timothea-toulopoulou\/\"><h3 class=\"fig-title\">Timothea Toulopoulou<\/h3><\/a><div class=\"fig-title-des\">&#9726; Professor at UMRAM<br>\r\n&#9726; Professor at Department of Psychology<br> \r\n<br> \r\n<br> <\/div><div class=\"fig-meta\"><p class=\"fig-cal\"><strong>Call:<\/strong> <span>+90 (312) 290 3415<\/span><\/p><p class=\"fig-mail\"><strong>Email:<\/strong> <span>ttoulopoulou@bilkent.edu.tr<\/span><\/p><\/div>\n                            <\/figcaption>\n                        <\/figure><\/div>\n                <\/div><div class=\"team-clearfix\"><\/div><div class=\"col-sm-6 col-md-4\">\n                    <div class=\"profile-card profile-card-meta_classic kc-elm kc-css-524868\">\n                        <figure>\n                             <img src=\"https:\/\/umram.bilkent.edu.tr\/wp-content\/uploads\/2018\/09\/burgen_photo-e1537858104766.jpg\" class=\"img-responsive\" alt=\"\" loading=\"lazy\" \/>\n                            <figcaption><a href=\"https:\/\/umram.bilkent.edu.tr\/index.php\/teams\/burcu-aysen-urgen\/\"><h3 class=\"fig-title\">Burcu Ay\u015fen \u00dcrgen<\/h3><\/a><div class=\"fig-title-des\">&#9726; Assistant Professor at UMRAM<br>\r\n&#9726; Assistant Professor at Department of Psychology <br><\/div><div class=\"fig-meta\"><p class=\"fig-cal\"><strong>Call:<\/strong> <span>+90 312 290 3091 (UMRAM) or +90 312 290 1807 (Psyc)<\/span><\/p><p class=\"fig-mail\"><strong>Email:<\/strong> <span>burcu.urgen@bilkent.edu.tr<\/span><\/p><\/div>\n                            <\/figcaption>\n                        <\/figure><\/div>\n                <\/div><div class=\"col-sm-6 col-md-4\">\n                    <div class=\"profile-card profile-card-meta_classic kc-elm kc-css-524868\">\n                        <figure>\n                             <img src=\"https:\/\/umram.bilkent.edu.tr\/wp-content\/uploads\/2020\/06\/aykutkoc-e1628506461395.jpg\" class=\"img-responsive\" alt=\"\" loading=\"lazy\" \/>\n                            <figcaption><a href=\"https:\/\/umram.bilkent.edu.tr\/index.php\/teams\/aykut-koc\/\"><h3 class=\"fig-title\">Aykut Ko\u00e7<\/h3><\/a><div class=\"fig-title-des\">&#9726; Assistant Professor at UMRAM <br>\r\n&#9726; Assistant Professor at Department of Electrical and Electronics Engineering<br><\/div><div class=\"fig-meta\"><p class=\"fig-cal\"><strong>Call:<\/strong> <span>+90 312 290 8773 (UMRAM) or 1477 (EE)<\/span><\/p><p class=\"fig-mail\"><strong>Email:<\/strong> <span>aykut.koc@bilkent.edu.tr<\/span><\/p><\/div>\n                            <\/figcaption>\n                        <\/figure><\/div>\n                <\/div><div class=\"team-clearfix\"><\/div><div class=\"col-sm-6 col-md-4\">\n                    <div class=\"profile-card profile-card-meta_classic kc-elm kc-css-524868\">\n                        <figure>\n                             <img src=\"https:\/\/umram.bilkent.edu.tr\/wp-content\/uploads\/2019\/12\/AusafFarooqui.jpg\" class=\"img-responsive\" alt=\"\" loading=\"lazy\" \/>\n                            <figcaption><a href=\"https:\/\/umram.bilkent.edu.tr\/index.php\/teams\/ausaf-ahmed-farooqui\/\"><h3 class=\"fig-title\">Ausaf Ahmed Farooqui<\/h3><\/a><div class=\"fig-title-des\">&#9726; Assistant Professor at UMRAM <br>\r\n&#9726; Assistant Professor at Department of Psychology<br><\/div><div class=\"fig-meta\"><p class=\"fig-cal\"><strong>Call:<\/strong> <span>+90 312 290 1153<\/span><\/p><p class=\"fig-mail\"><strong>Email:<\/strong> <span>\u00a0ausaf.farooqui@gmail.com<\/span><\/p><\/div>\n                            <\/figcaption>\n                        <\/figure><\/div>\n                <\/div><\/div><\/div><\/div><\/div><\/section>\n","protected":false},"excerpt":{"rendered":"","protected":false},"author":1,"featured_media":1910,"parent":0,"menu_order":0,"comment_status":"closed","ping_status":"closed","template":"","meta":[],"_links":{"self":[{"href":"https:\/\/umram.bilkent.edu.tr\/index.php\/wp-json\/wp\/v2\/pages\/3367"}],"collection":[{"href":"https:\/\/umram.bilkent.edu.tr\/index.php\/wp-json\/wp\/v2\/pages"}],"about":[{"href":"https:\/\/umram.bilkent.edu.tr\/index.php\/wp-json\/wp\/v2\/types\/page"}],"author":[{"embeddable":true,"href":"https:\/\/umram.bilkent.edu.tr\/index.php\/wp-json\/wp\/v2\/users\/1"}],"replies":[{"embeddable":true,"href":"https:\/\/umram.bilkent.edu.tr\/index.php\/wp-json\/wp\/v2\/comments?post=3367"}],"version-history":[{"count":3,"href":"https:\/\/umram.bilkent.edu.tr\/index.php\/wp-json\/wp\/v2\/pages\/3367\/revisions"}],"predecessor-version":[{"id":12239,"href":"https:\/\/umram.bilkent.edu.tr\/index.php\/wp-json\/wp\/v2\/pages\/3367\/revisions\/12239"}],"wp:featuredmedia":[{"embeddable":true,"href":"https:\/\/umram.bilkent.edu.tr\/index.php\/wp-json\/wp\/v2\/media\/1910"}],"wp:attachment":[{"href":"https:\/\/umram.bilkent.edu.tr\/index.php\/wp-json\/wp\/v2\/media?parent=3367"}],"curies":[{"name":"wp","href":"https:\/\/api.w.org\/{rel}","templated":true}]}}