{"id":3390,"date":"2018-09-11T15:38:43","date_gmt":"2018-09-11T12:38:43","guid":{"rendered":"https:\/\/umram.bilkent.edu.tr\/?page_id=3390"},"modified":"2025-02-13T14:42:22","modified_gmt":"2025-02-13T11:42:22","slug":"arastirma-gruplari","status":"publish","type":"page","link":"https:\/\/umram.bilkent.edu.tr\/index.php\/tr\/arastirma-gruplari\/","title":{"rendered":"Ara\u015ft\u0131rma Gruplar\u0131"},"content":{"rendered":"<section data-kc-fullwidth=\"row\" class=\"kc-elm kc-css-744327 kc_row\"><div class=\"kc-row-container  kc-container\"><div class=\"kc-wrap-columns\"><div class=\"kc-elm kc-css-767788 kc_col-sm-12 kc_column kc_col-sm-12\"><div class=\"kc-col-container\">\n<div class=\"kc-elm kc-css-574975 kc-title-wrap \">\n\n\t<h2 class=\"kc_title\">Ara\u015ft\u0131rma Gruplar\u0131<\/h2>\n<\/div>\n<\/div><\/div><\/div><\/div><\/section><section class=\"kc-elm kc-css-362039 kc_row\"><div class=\"kc-row-container  kc-container  container\"><div class=\"kc-wrap-columns\"><div class=\"kc-elm kc-css-674818 kc_col-sm-12 kc_column kc_col-sm-12\"><div class=\"kc-col-container\"><div class=\"kc-elm kc-css-214643 kc_row kc_row_inner\"><div class=\"kc-elm kc-css-804793 kc_col-sm-4 kc_column_inner kc_col-sm-4\"><div class=\"kc_wrapper kc-col-inner-container\">\n<div class=\"kc-elm kc-css-127503 kc-team kc-team-1\">\n\n\t<figure class=\"content-image\"><img src=\"https:\/\/umram.bilkent.edu.tr\/wp-content\/uploads\/2018\/09\/atalar-lab-e1537267382876.jpg\" alt=\"\"><\/figure><div class=\"content-title\">Ergin Atalar Laboratory<\/div><div class=\"content-desc\">Biyomedikal m\u00fchendislik grubu, Dr. Ergin Atalar'\u0131n g\u00f6zetiminde implantlar\u0131n, lineer olmayan gradyanlar\u0131n, radyofrekans iletim dizisinin g\u00fcvenli\u011fini de i\u00e7eren manyetik rezonans g\u00f6r\u00fcnt\u00fcleme teknolojisinin \u00e7e\u015fitli y\u00f6nleri \u00fczerine ara\u015ft\u0131rmalar y\u00fcr\u00fctmektedir.<\/div><div class=\"content-button\"><a href=\"http:\/\/erginatalarlab.bilkent.edu.tr\">Websitesine git<\/a><\/div>\n<\/div>\n<\/div><\/div><div class=\"kc-elm kc-css-920353 kc_col-sm-4 kc_column_inner kc_col-sm-4\"><div class=\"kc_wrapper kc-col-inner-container\">\n<div class=\"kc-elm kc-css-651876 kc-team kc-team-1\">\n\n\t<figure class=\"content-image\"><img src=\"https:\/\/umram.bilkent.edu.tr\/wp-content\/uploads\/2018\/08\/computational-biological-lab.png\" alt=\"\"><\/figure><div class=\"content-title\">Hesaplamal\u0131 ve Biyolojik G\u00f6r\u00fcnt\u00fcleme Grubu<\/div><div class=\"content-desc\">Laboratuvarda yap\u0131lan ara\u015ft\u0131rma g\u00f6rsel alg\u0131 ve n\u00f6ronal temelleri \u00fczerine odaklanm\u0131\u015ft\u0131r. G\u00f6rme bilimi problemlerine cevap bulmak i\u00e7in davran\u0131\u015fsal deneyler, n\u00f6rog\u00f6r\u00fcnt\u00fcleme (fMRI) ve hesaplama modellemesi kullan\u0131yoruz.<\/div><div class=\"content-button\"><a href=\"http:\/\/web2.bilkent.edu.tr\/vision\/\">Websitesine git<\/a><\/div>\n<\/div>\n<\/div><\/div><div class=\"kc-elm kc-css-914182 kc_col-sm-4 kc_column_inner kc_col-sm-4\"><div class=\"kc_wrapper kc-col-inner-container\">\n<div class=\"kc-elm kc-css-572932 kc-team kc-team-1\">\n\n\t<figure class=\"content-image\"><img src=\"https:\/\/umram.bilkent.edu.tr\/wp-content\/uploads\/2018\/08\/ICON-LAB.png\" alt=\"\"><\/figure><div class=\"content-title\">G\u00f6r\u00fcnt\u00fcleme ve Hesaplamal\u0131 Sinirbilim Laboratuvar\u0131 (ICON Lab)<\/div><div class=\"content-desc\">ICON laboratuvar\u0131 biyomedikal ara\u015ft\u0131rma i\u00e7in en ileri g\u00f6r\u00fcnt\u00fcleme ve hesaplama y\u00f6ntemleri geli\u015ftirir.<\/div><div class=\"content-button\"><a href=\"https:\/\/www.icon.bilkent.edu.tr\/index.html\">Websitesine git<\/a><\/div>\n<\/div>\n<\/div><\/div><\/div><div class=\"kc-elm kc-css-108900\" style=\"height: 40px; clear: both; width:100%;\"><\/div><div class=\"kc-elm kc-css-48858 kc_row kc_row_inner\"><div class=\"kc-elm kc-css-88475 kc_col-sm-4 kc_column_inner kc_col-sm-4\"><div class=\"kc_wrapper kc-col-inner-container\">\n<div class=\"kc-elm kc-css-752379 kc-team kc-team-1\">\n\n\t<figure class=\"content-image\"><img src=\"https:\/\/umram.bilkent.edu.tr\/wp-content\/uploads\/2018\/08\/cortical-dynamics-lab.png\" alt=\"\"><\/figure><div class=\"content-title\">Kortikal Dinamik ve Alg\u0131 Laboratuvar\u0131<\/div><div class=\"content-desc\">Ara\u015ft\u0131rma grubu g\u00f6rsel alg\u0131 ve bili\u015fin alt\u0131nda yatan n\u00f6ral s\u00fcre\u00e7leri ayd\u0131nlatmay\u0131 ama\u00e7lamaktad\u0131r.<\/div><div class=\"content-button\"><a href=\"http:\/\/hulusi.bilkent.edu.tr\/\">Websitesine git<\/a><\/div>\n<\/div>\n<\/div><\/div><div class=\"kc-elm kc-css-352652 kc_col-sm-4 kc_column_inner kc_col-sm-4\"><div class=\"kc_wrapper kc-col-inner-container\">\n<div class=\"kc-elm kc-css-320972 kc-team kc-team-1\">\n\n\t<figure class=\"content-image\"><img src=\"https:\/\/umram.bilkent.edu.tr\/wp-content\/uploads\/2018\/09\/saritas-lab-photo2.jpg\" alt=\"\"><\/figure><div class=\"content-title\">Sar\u0131ta\u015f Manyetik Par\u00e7ac\u0131k G\u00f6r\u00fcnt\u00fcleme (MPI) Laboratuvar\u0131<\/div><div class=\"content-desc\">Grubun ara\u015ft\u0131rma alan\u0131 MPI teknikleri ve MRI donan\u0131m \u00e7\u00f6z\u00fcmlerine odaklanm\u0131\u015ft\u0131r.<\/div><div class=\"content-button\"><a href=\"http:\/\/kilyos.ee.bilkent.edu.tr\/~saritas\/\">Websitesine git<\/a><\/div>\n<\/div>\n<\/div><\/div><div class=\"kc-elm kc-css-583296 kc_col-sm-4 kc_column_inner kc_col-sm-4\"><div class=\"kc_wrapper kc-col-inner-container\">\n<div class=\"kc-elm kc-css-269449 kc-team kc-team-1\">\n\n\t<figure class=\"content-image\"><img src=\"https:\/\/umram.bilkent.edu.tr\/wp-content\/uploads\/2018\/09\/michelle-adams-lab.png\" alt=\"\"><\/figure><div class=\"content-title\">Dr. Michelle Adams Laboratuvar\u0131<\/div><div class=\"content-desc\">Laboratuvarda yap\u0131lan ara\u015ft\u0131rmalar, ya\u015flanma ile ili\u015fkili bili\u015fsel gerilemeye katk\u0131da bulunabilecek ya\u015flanan beynin h\u00fccresel ve sinaptik de\u011fi\u015fikliklerinin anla\u015f\u0131lmas\u0131na odaklanmaktad\u0131r.<\/div><div class=\"content-button\"><a href=\"http:\/\/michelle.bilkent.edu.tr\/\">Websitesine git<\/a><\/div>\n<\/div>\n<\/div><\/div><\/div><div class=\"kc-elm kc-css-955251\" style=\"height: 40px; clear: both; width:100%;\"><\/div><div class=\"kc-elm kc-css-505723 kc_row kc_row_inner\"><div class=\"kc-elm kc-css-575516 kc_col-sm-4 kc_column_inner kc_col-sm-4\"><div class=\"kc_wrapper kc-col-inner-container\">\n<div class=\"kc-elm kc-css-247298 kc-team kc-team-1\">\n\n\t<figure class=\"content-image\"><img src=\"https:\/\/umram.bilkent.edu.tr\/wp-content\/uploads\/2018\/04\/journal_articles.jpg\" alt=\"\"><\/figure><div class=\"content-title\">Radyoloji Ara\u015ft\u0131rma Grubu<\/div><div class=\"content-desc\">Radyoloji Ara\u015ft\u0131rmalar\u0131 Dr. K.K.Oguz g\u00f6zetiminde y\u00fcr\u00fct\u00fclmektedir ve beyin parankiminin morfolojik ve fonksiyonel \u00f6zellikleri \u00fczerine \u00e7e\u015fitli bozukluklar ve bunlar\u0131n ilgili etkilerine odaklanmaktad\u0131r. Temporal lob epilepsisi, kronik tekrarlayan inflamatuar optik n\u00f6rit, \u015fizofreni, n\u00f6rodejeneratif hareket bozukluklar\u0131 ve UMRAM'da poststroke fiziksel rehabilitasyon \u00fczerine ileri MR g\u00f6r\u00fcnt\u00fcleme \u00e7al\u0131\u015fmas\u0131 y\u00fcr\u00fctmektedir.<\/div><div class=\"content-button\"><a href=\"\">Websitesine git<\/a><\/div>\n<\/div>\n<\/div><\/div><div class=\"kc-elm kc-css-749650 kc_col-sm-4 kc_column_inner kc_col-sm-4\"><div class=\"kc_wrapper kc-col-inner-container\">\n<div class=\"kc-elm kc-css-548971 kc-team kc-team-1\">\n\n\t<figure class=\"content-image\"><img src=\"https:\/\/umram.bilkent.edu.tr\/wp-content\/uploads\/2018\/09\/katja-lab.png\" alt=\"\"><\/figure><div class=\"content-title\">D\u00f6rschner Beyin ve Alg\u0131 Laboratuvar\u0131<\/div><div class=\"content-desc\">Laboratuvar\u0131m\u0131zdaki ara\u015ft\u0131rmalar, beynin do\u011fal olarak belirsiz olan retinal girdiden zengin bir alg\u0131sal deneyim yaratabildi\u011fi mekanizmalar\u0131n anla\u015f\u0131lmas\u0131n\u0131 ama\u00e7layan g\u00f6rsel alg\u0131lamaya odaklanmaktad\u0131r. \u00d6zellikle, g\u00f6rsel sistemin nesne niteliklerini tahmin etmek i\u00e7in ne t\u00fcr bilgiler kulland\u0131\u011f\u0131n\u0131 ve bu bilginin beyinden nas\u0131l \u00e7\u0131kar\u0131ld\u0131\u011f\u0131n\u0131 ara\u015ft\u0131r\u0131yoruz.<\/div><div class=\"content-button\"><a href=\"http:\/\/katja.bilkent.edu.tr\/index.html\">Websitesine git<\/a><\/div>\n<\/div>\n<\/div><\/div><div class=\"kc-elm kc-css-771007 kc_col-sm-4 kc_column_inner kc_col-sm-4\"><div class=\"kc_wrapper kc-col-inner-container\">\n<div class=\"kc-elm kc-css-900839 kc-team kc-team-1\">\n\n\t<figure class=\"content-image\"><img src=\"https:\/\/umram.bilkent.edu.tr\/wp-content\/uploads\/2018\/09\/ccn-lab.png\" alt=\"\"><\/figure><div class=\"content-title\">Bili\u015fsel Hesaplamal\u0131 N\u00f6robilim Laboratuvar\u0131 (\u00dcrgen Lab)<\/div><div class=\"content-desc\">\u0130nsanlarda davran\u0131\u015fsal deneyler, n\u00f6rog\u00f6r\u00fcnt\u00fcleme (fMRI ve EEG) ve hesaplama modellemesi kullanarak g\u00f6rsel alg\u0131 ve bili\u015fin alt\u0131nda yatan n\u00f6ral ve hesaplama mekanizmalar\u0131n\u0131 ara\u015ft\u0131r\u0131yoruz.<\/div><div class=\"content-button\"><a href=\"http:\/\/web3.bilkent.edu.tr\/ccn\/\">Websitesine git<\/a><\/div>\n<\/div>\n<\/div><\/div><\/div><div class=\"kc-elm kc-css-722370\" style=\"height: 40px; clear: both; width:100%;\"><\/div><div class=\"kc-elm kc-css-656504 kc_row kc_row_inner\"><div class=\"kc-elm kc-css-8030 kc_col-sm-4 kc_column_inner kc_col-sm-4\"><div class=\"kc_wrapper kc-col-inner-container\">\n<div class=\"kc-elm kc-css-671342 kc-team kc-team-1\">\n\n\t<figure class=\"content-image\"><img src=\"https:\/\/umram.bilkent.edu.tr\/wp-content\/uploads\/2025\/02\/Screenshot_1-2.jpg\" alt=\"\"><\/figure><div class=\"content-title\">Higher Cognitive Functions Group<\/div><div class=\"content-desc\">Welcome to the site of Higher Cognitive Functions group of Bilkent University, located in Ankara, Turkey. Our research group is coordinated by Asst. Prof. Ausaf Ahmed Farooqui, a faculty member in the Department of Psychology and the Neuroscience Graduate program. Our studies and operations take place at the Aysel Sabuncu Brain Research Center and the National Magnetic Resonance Research Center (UMRAM) in Bilkent.<\/div><div class=\"content-button\"><a href=\"https:\/\/web4.bilkent.edu.tr\/hcf\/\">WEBS\u0130TES\u0130NE G\u0130T<\/a><\/div>\n<\/div>\n<\/div><\/div><div class=\"kc-elm kc-css-354594 kc_col-sm-4 kc_column_inner kc_col-sm-4\"><div class=\"kc_wrapper kc-col-inner-container\"><\/div><\/div><div class=\"kc-elm kc-css-338859 kc_col-sm-4 kc_column_inner kc_col-sm-4\"><div class=\"kc_wrapper kc-col-inner-container\"><\/div><\/div><\/div><\/div><\/div><\/div><\/div><\/section><section data-kc-fullwidth=\"row\" class=\"kc-elm kc-css-934516 kc_row\"><div class=\"kc-row-container  kc-container\"><div class=\"kc-wrap-columns\"><div class=\"kc-elm kc-css-74002 kc_col-sm-4 kc_column kc_col-sm-4\"><div class=\"kc-col-container\"> <article class=\"sabbi-thumlinepost-card solitude-bg__x kc-elm kc-css-74489\"><figure class=\"sabbi-thumlinepost-card-figure\">\n                           <img width=\"927\" height=\"257\" src=\"https:\/\/umram.bilkent.edu.tr\/wp-content\/uploads\/2018\/08\/ICON-LAB.png\" class=\"img-responsive img-thumpost\" alt=\"\" decoding=\"async\" loading=\"lazy\" srcset=\"https:\/\/umram.bilkent.edu.tr\/wp-content\/uploads\/2018\/08\/ICON-LAB.png 927w, https:\/\/umram.bilkent.edu.tr\/wp-content\/uploads\/2018\/08\/ICON-LAB-300x83.png 300w, https:\/\/umram.bilkent.edu.tr\/wp-content\/uploads\/2018\/08\/ICON-LAB-768x213.png 768w, https:\/\/umram.bilkent.edu.tr\/wp-content\/uploads\/2018\/08\/ICON-LAB-600x166.png 600w\" sizes=\"(max-width: 927px) 100vw, 927px\" \/>\n                          <\/figure><div class=\"sabbi-thumlinepost-card-meta\">\n                        <h2 class=\"info-box-title ht-5\">G\u00f6r\u00fcnt\u00fcleme ve Hesaplamal\u0131 Sinirbilim Laboratuvar\u0131 (ICON Lab)<\/h2><p>ICON laboratuvar\u0131 biyomedikal ara\u015ft\u0131rma i\u00e7in en ileri g\u00f6r\u00fcnt\u00fcleme ve hesaplama y\u00f6ntemleri geli\u015ftirir.<\/p>\n<a href=\"http:\/\/www.icon.bilkent.edu.tr\/index.html\" title=\"\" target=\"_blank\" class=\"btn btn-unsolemn btn-action read-more\">Websitesine git<\/a><\/div>\n                <\/article><\/div><\/div><div class=\"kc-elm kc-css-830908 kc_col-sm-4 kc_column kc_col-sm-4\"><div class=\"kc-col-container\"> <article class=\"sabbi-thumlinepost-card solitude-bg__x kc-elm kc-css-273106\"><figure class=\"sabbi-thumlinepost-card-figure\">\n                           <img width=\"578\" height=\"129\" src=\"https:\/\/umram.bilkent.edu.tr\/wp-content\/uploads\/2018\/08\/computational-biological-lab.png\" class=\"img-responsive img-thumpost\" alt=\"\" decoding=\"async\" loading=\"lazy\" srcset=\"https:\/\/umram.bilkent.edu.tr\/wp-content\/uploads\/2018\/08\/computational-biological-lab.png 578w, https:\/\/umram.bilkent.edu.tr\/wp-content\/uploads\/2018\/08\/computational-biological-lab-300x67.png 300w\" sizes=\"(max-width: 578px) 100vw, 578px\" \/>\n                          <\/figure><div class=\"sabbi-thumlinepost-card-meta\">\n                        <h2 class=\"info-box-title ht-5\">Hesaplamal\u0131 ve Biyolojik G\u00f6r\u00fcnt\u00fcleme Grubu<\/h2><p>Laboratuvarda yap\u0131lan ara\u015ft\u0131rma g\u00f6rsel alg\u0131 ve n\u00f6ronal temelleri \u00fczerine odaklanm\u0131\u015ft\u0131r. G\u00f6rme bilimi problemlerine cevap bulmak i\u00e7in davran\u0131\u015fsal deneyler, n\u00f6rog\u00f6r\u00fcnt\u00fcleme (fMRI) ve hesaplama modellemesi kullan\u0131yoruz.<\/p>\n<a href=\"http:\/\/web2.bilkent.edu.tr\/vision\/\" title=\"\" target=\"_blank\" class=\"btn btn-unsolemn btn-action read-more\">Websitesine git<\/a><\/div>\n                <\/article><\/div><\/div><div class=\"kc-elm kc-css-706426 kc_col-sm-4 kc_column kc_col-sm-4\"><div class=\"kc-col-container\"> <article class=\"sabbi-thumlinepost-card solitude-bg__x kc-elm kc-css-150785\"><figure class=\"sabbi-thumlinepost-card-figure\">\n                           <img width=\"931\" height=\"198\" src=\"https:\/\/umram.bilkent.edu.tr\/wp-content\/uploads\/2018\/08\/cortical-dynamics-lab.png\" class=\"img-responsive img-thumpost\" alt=\"\" decoding=\"async\" loading=\"lazy\" srcset=\"https:\/\/umram.bilkent.edu.tr\/wp-content\/uploads\/2018\/08\/cortical-dynamics-lab.png 931w, https:\/\/umram.bilkent.edu.tr\/wp-content\/uploads\/2018\/08\/cortical-dynamics-lab-300x64.png 300w, https:\/\/umram.bilkent.edu.tr\/wp-content\/uploads\/2018\/08\/cortical-dynamics-lab-768x163.png 768w, https:\/\/umram.bilkent.edu.tr\/wp-content\/uploads\/2018\/08\/cortical-dynamics-lab-600x128.png 600w\" sizes=\"(max-width: 931px) 100vw, 931px\" \/>\n                          <\/figure><div class=\"sabbi-thumlinepost-card-meta\">\n                        <h2 class=\"info-box-title ht-5\">Kortikal Dinamik ve Alg\u0131 Lab<\/h2><p>Ara\u015ft\u0131rma grubu g\u00f6rsel alg\u0131 ve bili\u015fin alt\u0131nda yatan n\u00f6ral s\u00fcre\u00e7leri ayd\u0131nlatmay\u0131 ama\u00e7lamaktad\u0131r.<\/p>\n<a href=\"http:\/\/hulusi.bilkent.edu.tr\/\" title=\"\" target=\"_blank\" class=\"btn btn-unsolemn btn-action read-more\">Websitesine git<\/a><\/div>\n                <\/article> <article class=\"sabbi-thumlinepost-card solitude-bg__x kc-elm kc-css-502330\"><figure class=\"sabbi-thumlinepost-card-figure\">\n                           <img width=\"931\" height=\"198\" src=\"https:\/\/umram.bilkent.edu.tr\/wp-content\/uploads\/2018\/08\/cortical-dynamics-lab.png\" class=\"img-responsive img-thumpost\" alt=\"\" decoding=\"async\" loading=\"lazy\" srcset=\"https:\/\/umram.bilkent.edu.tr\/wp-content\/uploads\/2018\/08\/cortical-dynamics-lab.png 931w, https:\/\/umram.bilkent.edu.tr\/wp-content\/uploads\/2018\/08\/cortical-dynamics-lab-300x64.png 300w, https:\/\/umram.bilkent.edu.tr\/wp-content\/uploads\/2018\/08\/cortical-dynamics-lab-768x163.png 768w, https:\/\/umram.bilkent.edu.tr\/wp-content\/uploads\/2018\/08\/cortical-dynamics-lab-600x128.png 600w\" sizes=\"(max-width: 931px) 100vw, 931px\" \/>\n                          <\/figure><div class=\"sabbi-thumlinepost-card-meta\">\n                        <h2 class=\"info-box-title ht-5\">Kortikal Dinamik ve Alg\u0131 Lab<\/h2><p>Ara\u015ft\u0131rma grubu g\u00f6rsel alg\u0131 ve bili\u015fin alt\u0131nda yatan n\u00f6ral s\u00fcre\u00e7leri ayd\u0131nlatmay\u0131 ama\u00e7lamaktad\u0131r.<\/p>\n<a href=\"http:\/\/hulusi.bilkent.edu.tr\/\" title=\"\" target=\"_blank\" class=\"btn btn-unsolemn btn-action read-more\">Websitesine git<\/a><\/div>\n                <\/article><\/div><\/div><\/div><\/div><\/section><section data-kc-fullwidth=\"row\" class=\"kc-elm kc-css-757561 kc_row\"><div class=\"kc-row-container  kc-container\"><div class=\"kc-wrap-columns\"><div class=\"kc-elm kc-css-489644 kc_col-sm-4 kc_column kc_col-sm-4\"><div class=\"kc-col-container\"> <article class=\"sabbi-thumlinepost-card solitude-bg__x kc-elm kc-css-40283\"><figure class=\"sabbi-thumlinepost-card-figure\">\n                           <img width=\"620\" height=\"261\" src=\"https:\/\/umram.bilkent.edu.tr\/wp-content\/uploads\/2018\/09\/DSC_01194_2.jpg\" class=\"img-responsive img-thumpost\" alt=\"\" decoding=\"async\" loading=\"lazy\" srcset=\"https:\/\/umram.bilkent.edu.tr\/wp-content\/uploads\/2018\/09\/DSC_01194_2.jpg 620w, https:\/\/umram.bilkent.edu.tr\/wp-content\/uploads\/2018\/09\/DSC_01194_2-300x126.jpg 300w, https:\/\/umram.bilkent.edu.tr\/wp-content\/uploads\/2018\/09\/DSC_01194_2-600x253.jpg 600w\" sizes=\"(max-width: 620px) 100vw, 620px\" \/>\n                          <\/figure><div class=\"sabbi-thumlinepost-card-meta\">\n                        <h2 class=\"info-box-title ht-5\">Biomedikal Grup<\/h2><p>Biyomedikal m\u00fchendislik grubu, Dr. Ergin Atalar'\u0131n g\u00f6zetiminde implantlar\u0131n, lineer olmayan gradyanlar\u0131n, radyofrekans iletim dizisinin g\u00fcvenli\u011fini de i\u00e7eren manyetik rezonans g\u00f6r\u00fcnt\u00fcleme teknolojisinin \u00e7e\u015fitli y\u00f6nleri \u00fczerine ara\u015ft\u0131rmalar y\u00fcr\u00fctmektedir.<\/p>\n<a href=\"http:\/\/www.umram.bilkent.edu.tr\/~ergin\/mycv\/index.php\" title=\"\" target=\"_blank\" class=\"btn btn-unsolemn btn-action read-more\">Websitesine git<\/a><\/div>\n                <\/article><\/div><\/div><div class=\"kc-elm kc-css-232900 kc_col-sm-4 kc_column kc_col-sm-4\"><div class=\"kc-col-container\"> <article class=\"sabbi-thumlinepost-card solitude-bg__x kc-elm kc-css-163957\"><figure class=\"sabbi-thumlinepost-card-figure\">\n                           <img width=\"680\" height=\"236\" src=\"https:\/\/umram.bilkent.edu.tr\/wp-content\/uploads\/2018\/09\/saritas-lab-photo2.jpg\" class=\"img-responsive img-thumpost\" alt=\"\" decoding=\"async\" loading=\"lazy\" srcset=\"https:\/\/umram.bilkent.edu.tr\/wp-content\/uploads\/2018\/09\/saritas-lab-photo2.jpg 680w, https:\/\/umram.bilkent.edu.tr\/wp-content\/uploads\/2018\/09\/saritas-lab-photo2-300x104.jpg 300w, https:\/\/umram.bilkent.edu.tr\/wp-content\/uploads\/2018\/09\/saritas-lab-photo2-600x208.jpg 600w\" sizes=\"(max-width: 680px) 100vw, 680px\" \/>\n                          <\/figure><div class=\"sabbi-thumlinepost-card-meta\">\n                        <h2 class=\"info-box-title ht-5\">Sar\u0131ta\u015f Manyetik Par\u00e7ac\u0131k G\u00f6r\u00fcnt\u00fcleme (MPI) Laboratuvar\u0131<\/h2><p>Grubun ara\u015ft\u0131rma alan\u0131 MPI teknikleri ve MRI donan\u0131m \u00e7\u00f6z\u00fcmlerine odaklanm\u0131\u015ft\u0131r.<\/p>\n<a href=\"http:\/\/kilyos.ee.bilkent.edu.tr\/~saritas\/\" title=\"Saritas Lab\" target=\"_blank\" class=\"btn btn-unsolemn btn-action read-more\">Websitesine git<\/a><\/div>\n                <\/article><\/div><\/div><div class=\"kc-elm kc-css-752865 kc_col-sm-4 kc_column kc_col-sm-4\"><div class=\"kc-col-container\"> <article class=\"sabbi-thumlinepost-card solitude-bg__x kc-elm kc-css-735048\"><figure class=\"sabbi-thumlinepost-card-figure\">\n                           <img width=\"511\" height=\"115\" src=\"https:\/\/umram.bilkent.edu.tr\/wp-content\/uploads\/2018\/09\/michelle-adams-lab.png\" class=\"img-responsive img-thumpost\" alt=\"\" decoding=\"async\" loading=\"lazy\" srcset=\"https:\/\/umram.bilkent.edu.tr\/wp-content\/uploads\/2018\/09\/michelle-adams-lab.png 511w, https:\/\/umram.bilkent.edu.tr\/wp-content\/uploads\/2018\/09\/michelle-adams-lab-300x68.png 300w\" sizes=\"(max-width: 511px) 100vw, 511px\" \/>\n                          <\/figure><div class=\"sabbi-thumlinepost-card-meta\">\n                        <h2 class=\"info-box-title ht-5\">Dr. Michelle Adams Laboratuvar\u0131<\/h2><p>Laboratuvarda yap\u0131lan ara\u015ft\u0131rmalar, ya\u015flanma ile ili\u015fkili bili\u015fsel gerilemeye katk\u0131da bulunabilecek ya\u015flanan beynin h\u00fccresel ve sinaptik de\u011fi\u015fikliklerinin anla\u015f\u0131lmas\u0131na odaklanmaktad\u0131r.<\/p>\n<a href=\"http:\/\/michelle.bilkent.edu.tr\/\" title=\"\" target=\"_blank\" class=\"btn btn-unsolemn btn-action read-more\">Websitesine git<\/a><\/div>\n                <\/article><\/div><\/div><\/div><\/div><\/section><section data-kc-fullwidth=\"row\" class=\"kc-elm kc-css-247853 kc_row\"><div class=\"kc-row-container  kc-container\"><div class=\"kc-wrap-columns\"><div class=\"kc-elm kc-css-614023 kc_col-sm-4 kc_column kc_col-sm-4\"><div class=\"kc-col-container\"> <article class=\"sabbi-thumlinepost-card solitude-bg__x kc-elm kc-css-86339\"><figure class=\"sabbi-thumlinepost-card-figure\">\n                           <img width=\"1920\" height=\"751\" src=\"https:\/\/umram.bilkent.edu.tr\/wp-content\/uploads\/2018\/04\/slider_1.jpg\" class=\"img-responsive img-thumpost\" alt=\"\" decoding=\"async\" loading=\"lazy\" srcset=\"https:\/\/umram.bilkent.edu.tr\/wp-content\/uploads\/2018\/04\/slider_1.jpg 1920w, https:\/\/umram.bilkent.edu.tr\/wp-content\/uploads\/2018\/04\/slider_1-300x117.jpg 300w, https:\/\/umram.bilkent.edu.tr\/wp-content\/uploads\/2018\/04\/slider_1-768x300.jpg 768w, https:\/\/umram.bilkent.edu.tr\/wp-content\/uploads\/2018\/04\/slider_1-1024x401.jpg 1024w, https:\/\/umram.bilkent.edu.tr\/wp-content\/uploads\/2018\/04\/slider_1-600x235.jpg 600w\" sizes=\"(max-width: 1920px) 100vw, 1920px\" \/>\n                          <\/figure><div class=\"sabbi-thumlinepost-card-meta\">\n                        <h2 class=\"info-box-title ht-5\">Radyoloji Ara\u015ft\u0131rma Grubu<\/h2><p>Radyoloji Ara\u015ft\u0131rmalar\u0131 Dr. K.K.Oguz g\u00f6zetiminde y\u00fcr\u00fct\u00fclmektedir ve beyin parankiminin morfolojik ve fonksiyonel \u00f6zellikleri \u00fczerine \u00e7e\u015fitli bozukluklar ve bunlar\u0131n ilgili etkilerine odaklanmaktad\u0131r. Temporal lob epilepsisi, kronik tekrarlayan inflamatuar optik n\u00f6rit, \u015fizofreni, n\u00f6rodejeneratif hareket bozukluklar\u0131 ve UMRAM'da poststroke fiziksel rehabilitasyon \u00fczerine ileri MR g\u00f6r\u00fcnt\u00fcleme \u00e7al\u0131\u015fmas\u0131 y\u00fcr\u00fctmektedir.<\/p>\n<a href=\"#\" title=\"btn title\" target=\"_self\" class=\"btn btn-unsolemn btn-action read-more\">Websitesine git<\/a><\/div>\n                <\/article><\/div><\/div><div class=\"kc-elm kc-css-695090 kc_col-sm-4 kc_column kc_col-sm-4\"><div class=\"kc-col-container\"><\/div><\/div><div class=\"kc-elm kc-css-628249 kc_col-sm-4 kc_column kc_col-sm-4\"><div class=\"kc-col-container\"><\/div><\/div><\/div><\/div><\/section><section data-kc-fullwidth=\"row\" data-kc-parallax=\"true\" class=\"kc-elm kc-css-575223 kc_row\"><div class=\"kc-row-container  kc-container\"><div class=\"kc-wrap-columns\"><div class=\"kc-elm kc-css-755909 kc_col-sm-6 kc_column kc_col-sm-6\"><div class=\"kc-col-container\"><\/div><\/div><div class=\"kc-elm kc-css-744763 kc_col-sm-6 kc_column kc_col-sm-6\"><div class=\"kc-col-container\">\n<div class=\"kc-elm kc-css-363400 kc-title-wrap \">\n\n\t<h2 class=\"kc_title stage-title font-md lil-line\">UMRAM'a kat\u0131l<\/h2>\n<\/div>\n<div class=\"kc-elm kc-css-620127 kc_text_block\"><p>\nUMRAM&#039;daki akademik kariyer ve \u00e7al\u0131\u015fma imkanlar\u0131 hakk\u0131nda bilgi almak i\u00e7in&#8230;<\/p>\n<\/div><a href=\"https:\/\/umram.bilkent.edu.tr\/index.php\/tr\/kariyer\/\" title=\"\" target=\"_self\" class=\"btn btn-action btn-gules kc-css-109735 btn-primary\">Kariyer Olanaklar\u0131<\/a><\/div><\/div><\/div><\/div><\/section><section data-kc-fullwidth=\"row\" class=\"kc-elm kc-css-636835 kc_row\"><div class=\"kc-row-container  kc-container\"><div class=\"kc-wrap-columns\"><div class=\"kc-elm kc-css-250354 kc_col-sm-6 kc_column kc_col-sm-6\"><div class=\"kc-col-container\"><div class=\"kc-elm kc-css-173851 kc_row kc_row_inner\"><div class=\"kc-elm kc-css-449356 kc_col-sm-12 kc_column_inner kc_col-sm-12\"><div class=\"kc_wrapper kc-col-inner-container\"><\/div><\/div><\/div><\/div><\/div><div class=\"kc-elm kc-css-803723 kc_col-sm-6 kc_column kc_col-sm-6\"><div class=\"kc-col-container\">\n<div class=\"kc-elm kc-css-916965 kc-title-wrap \">\n\n\t<h2 class=\"kc_title stage-title font-md lil-line\">UMRAM'a kat\u0131l<\/h2>\n<\/div>\n<div class=\"kc-elm kc-css-164917 kc_text_block\"><p>\nUMRAM&#039;daki akademik kariyer ve \u00e7al\u0131\u015fma imkanlar\u0131 hakk\u0131nda bilgi almak i\u00e7in&#8230;<\/p>\n<\/div><a href=\"https:\/\/umram.bilkent.edu.tr\/index.php\/tr\/kariyer\/\" title=\"\" target=\"_self\" class=\"btn btn-action btn-gules kc-css-760392 btn-primary\">Kariyer Olanaklar\u0131<\/a><\/div><\/div><\/div><\/div><\/section>\n","protected":false},"excerpt":{"rendered":"","protected":false},"author":1,"featured_media":4160,"parent":0,"menu_order":0,"comment_status":"closed","ping_status":"closed","template":"","meta":[],"_links":{"self":[{"href":"https:\/\/umram.bilkent.edu.tr\/index.php\/wp-json\/wp\/v2\/pages\/3390"}],"collection":[{"href":"https:\/\/umram.bilkent.edu.tr\/index.php\/wp-json\/wp\/v2\/pages"}],"about":[{"href":"https:\/\/umram.bilkent.edu.tr\/index.php\/wp-json\/wp\/v2\/types\/page"}],"author":[{"embeddable":true,"href":"https:\/\/umram.bilkent.edu.tr\/index.php\/wp-json\/wp\/v2\/users\/1"}],"replies":[{"embeddable":true,"href":"https:\/\/umram.bilkent.edu.tr\/index.php\/wp-json\/wp\/v2\/comments?post=3390"}],"version-history":[{"count":28,"href":"https:\/\/umram.bilkent.edu.tr\/index.php\/wp-json\/wp\/v2\/pages\/3390\/revisions"}],"predecessor-version":[{"id":12602,"href":"https:\/\/umram.bilkent.edu.tr\/index.php\/wp-json\/wp\/v2\/pages\/3390\/revisions\/12602"}],"wp:featuredmedia":[{"embeddable":true,"href":"https:\/\/umram.bilkent.edu.tr\/index.php\/wp-json\/wp\/v2\/media\/4160"}],"wp:attachment":[{"href":"https:\/\/umram.bilkent.edu.tr\/index.php\/wp-json\/wp\/v2\/media?parent=3390"}],"curies":[{"name":"wp","href":"https:\/\/api.w.org\/{rel}","templated":true}]}}