{"id":3397,"date":"2018-09-11T15:40:36","date_gmt":"2018-09-11T12:40:36","guid":{"rendered":"https:\/\/umram.bilkent.edu.tr\/?page_id=3397"},"modified":"2018-09-11T15:40:36","modified_gmt":"2018-09-11T12:40:36","slug":"gelecek-konferanslar","status":"publish","type":"page","link":"https:\/\/umram.bilkent.edu.tr\/index.php\/tr\/gelecek-konferanslar\/","title":{"rendered":"Gelecek Konferanslar"},"content":{"rendered":"<section class=\"kc-elm kc-css-756339 kc_row\"><div class=\"kc-row-container  kc-container\"><div class=\"kc-wrap-columns\"><div class=\"kc-elm kc-css-669929 kc_col-sm-12 kc_column kc_col-sm-12\"><div class=\"kc-col-container\">\n<div class=\"kc-elm kc-css-938455 kc-blog-posts kc-blog-posts-2 kc-image-align-both\">\n\t\n\t\t\n\t\t\t\t<div class=\"kc-list-item-2\">\n\n\t\t\t\t\t\n\t\t\t\t\t\t<div class=\"post-item-left\">\n\t\t\t\t\t\t\t<div class=\"post_details\">\n\t\t\t\t\t\t\t\t<h2 class=\"post-title-alt\"><a\n\t\t\t\t\t\t\t\t\t\thref=\"https:\/\/umram.bilkent.edu.tr\/index.php\/2018\/10\/15\/eeg-course-in-umram\/\"\n\t\t\t\t\t\t\t\t\t\ttitle=\"EEG Course in UMRAM\">EEG Course in UMRAM<\/a>\n\t\t\t\t\t\t\t\t<\/h2>\n\t\t\t\t\t\t\t\t\t\t\t\t\t\t\t<\/div>\n\t\t\t\t\t\t\t\t\t\t\t\t\t\t\t<p>One day course will be held in 1 December 2018 at UMRAM with collobration of Hulusi Kafal\u0131g\u00f6n\u00fcl, Bilkent University and&hellip;<\/p>\n\t\t\t\t\t\t\t\t\t\t\t\t\t\t<a href=\"https:\/\/umram.bilkent.edu.tr\/index.php\/2018\/10\/15\/eeg-course-in-umram\/\"\n\t\t\t\t\t\t\t   class=\"kc-post-2-button\">Read more <i\n\t\t\t\t\t\t\t\t\tclass=\"fa fa-angle-right\" aria-hidden=\"true\"><\/i><\/a>\n\t\t\t\t\t\t\t\t\t\t\t\t\t<\/div>\n\t\t\t\t\t\t<div class=\"post-item-right\">\n\t\t\t\t\t\t\t<figure>\n\t\t\t\t\t\t\t\t<img src=\"https:\/\/umram.bilkent.edu.tr\/wp-content\/uploads\/2018\/10\/EEGCourse2-543x304xct.png\"\n\t\t\t\t\t\t\t\t     alt=\"EEG Course in UMRAM\">\n\t\t\t\t\t\t\t<\/figure>\n\t\t\t\t\t\t<\/div>\n\n\t\t\t\t\t\n\t\t\t\t<\/div>\n\n\t\t\t\t\n\t\t\t\t<div class=\"kc-list-item-2\">\n\n\t\t\t\t\t\t\t\t\t\t\t\t\t\t\t\t\t\t<div class=\"post-item-left\">\n\t\t\t\t\t\t\t\t<figure>\n\t\t\t\t\t\t\t\t\t<img src=\"https:\/\/umram.bilkent.edu.tr\/wp-content\/uploads\/2018\/09\/RSNA-2018-714x207-543x304xct.png\"\n\t\t\t\t\t\t\t\t\t     alt=\"RSNA 2018, 104th Scientific Assembly and Annual Meeting November 25-30, Chicago, IL USA\">\n\t\t\t\t\t\t\t\t<\/figure>\n\t\t\t\t\t\t\t<\/div>\n\t\t\t\t\t\t\t\t\t\t\t\t<div class=\"post-item-right\">\n\t\t\t\t\t\t\t<div class=\"post_details\">\n\t\t\t\t\t\t\t\t<h2 class=\"post-title-alt\"><a\n\t\t\t\t\t\t\t\t\t\thref=\"https:\/\/umram.bilkent.edu.tr\/index.php\/2018\/09\/04\/rsna-2018-104th-scientific-assembly-and-annual-meeting-november-25-30-chicago-il-usa\/\"\n\t\t\t\t\t\t\t\t\t\ttitle=\"RSNA 2018, 104th Scientific Assembly and Annual Meeting November 25-30, Chicago, IL USA\">RSNA 2018, 104th Scientific Assembly and Annual Meeting November 25-30, Chicago, IL USA<\/a>\n\t\t\t\t\t\t\t\t<\/h2>\n\n\t\t\t\t\t\t\t\t\t\t\t\t\t\t\t<\/div>\n\t\t\t\t\t\t\t\t\t\t\t\t\t\t\t<p>http:\/\/www.rsna.org\/Annual_Meeting.aspx<\/p>\n\t\t\t\t\t\t\t\t\t\t\t\t\t\t<a href=\"https:\/\/umram.bilkent.edu.tr\/index.php\/2018\/09\/04\/rsna-2018-104th-scientific-assembly-and-annual-meeting-november-25-30-chicago-il-usa\/\"\n\t\t\t\t\t\t\t   class=\"kc-post-2-button\">Read more <i\n\t\t\t\t\t\t\t\t\tclass=\"fa fa-angle-right\" aria-hidden=\"true\"><\/i><\/a>\n\t\t\t\t\t\t\t\t\t\t\t\t\t<\/div>\n\n\t\t\t\t\t\n\t\t\t\t<\/div>\n\n\t\t\t\t\n\t\t\t\t<div class=\"kc-list-item-2\">\n\n\t\t\t\t\t\n\t\t\t\t\t\t<div class=\"post-item-left\">\n\t\t\t\t\t\t\t<div class=\"post_details\">\n\t\t\t\t\t\t\t\t<h2 class=\"post-title-alt\"><a\n\t\t\t\t\t\t\t\t\t\thref=\"https:\/\/umram.bilkent.edu.tr\/index.php\/2018\/09\/04\/neuroscience-2018-november-3-7-in-san-diego-california-usa\/\"\n\t\t\t\t\t\t\t\t\t\ttitle=\"Neuroscience 2018, November 3-7 in San Diego, California, USA\">Neuroscience 2018, November 3-7 in San Diego, California, USA<\/a>\n\t\t\t\t\t\t\t\t<\/h2>\n\t\t\t\t\t\t\t\t\t\t\t\t\t\t\t<\/div>\n\t\t\t\t\t\t\t\t\t\t\t\t\t\t\t<p>https:\/\/www.sfn.org\/Meetings<\/p>\n\t\t\t\t\t\t\t\t\t\t\t\t\t\t<a href=\"https:\/\/umram.bilkent.edu.tr\/index.php\/2018\/09\/04\/neuroscience-2018-november-3-7-in-san-diego-california-usa\/\"\n\t\t\t\t\t\t\t   class=\"kc-post-2-button\">Read more <i\n\t\t\t\t\t\t\t\t\tclass=\"fa fa-angle-right\" aria-hidden=\"true\"><\/i><\/a>\n\t\t\t\t\t\t\t\t\t\t\t\t\t<\/div>\n\t\t\t\t\t\t<div class=\"post-item-right\">\n\t\t\t\t\t\t\t<figure>\n\t\t\t\t\t\t\t\t<img src=\"https:\/\/umram.bilkent.edu.tr\/wp-content\/uploads\/2018\/09\/AM18-logo-RGB-543x304xct.jpg\"\n\t\t\t\t\t\t\t\t     alt=\"Neuroscience 2018, November 3-7 in San Diego, California, USA\">\n\t\t\t\t\t\t\t<\/figure>\n\t\t\t\t\t\t<\/div>\n\n\t\t\t\t\t\n\t\t\t\t<\/div>\n\n\t\t\t\t\n\t\n<\/div>\n<\/div><\/div><\/div><\/div><\/section>\n","protected":false},"excerpt":{"rendered":"","protected":false},"author":1,"featured_media":0,"parent":0,"menu_order":0,"comment_status":"closed","ping_status":"closed","template":"","meta":[],"_links":{"self":[{"href":"https:\/\/umram.bilkent.edu.tr\/index.php\/wp-json\/wp\/v2\/pages\/3397"}],"collection":[{"href":"https:\/\/umram.bilkent.edu.tr\/index.php\/wp-json\/wp\/v2\/pages"}],"about":[{"href":"https:\/\/umram.bilkent.edu.tr\/index.php\/wp-json\/wp\/v2\/types\/page"}],"author":[{"embeddable":true,"href":"https:\/\/umram.bilkent.edu.tr\/index.php\/wp-json\/wp\/v2\/users\/1"}],"replies":[{"embeddable":true,"href":"https:\/\/umram.bilkent.edu.tr\/index.php\/wp-json\/wp\/v2\/comments?post=3397"}],"version-history":[{"count":1,"href":"https:\/\/umram.bilkent.edu.tr\/index.php\/wp-json\/wp\/v2\/pages\/3397\/revisions"}],"predecessor-version":[{"id":3398,"href":"https:\/\/umram.bilkent.edu.tr\/index.php\/wp-json\/wp\/v2\/pages\/3397\/revisions\/3398"}],"wp:attachment":[{"href":"https:\/\/umram.bilkent.edu.tr\/index.php\/wp-json\/wp\/v2\/media?parent=3397"}],"curies":[{"name":"wp","href":"https:\/\/api.w.org\/{rel}","templated":true}]}}