{"id":3816,"date":"2018-09-13T15:35:59","date_gmt":"2018-09-13T12:35:59","guid":{"rendered":"https:\/\/umram.bilkent.edu.tr\/?page_id=3816"},"modified":"2018-09-13T15:40:05","modified_gmt":"2018-09-13T12:40:05","slug":"links","status":"publish","type":"page","link":"https:\/\/umram.bilkent.edu.tr\/index.php\/links\/","title":{"rendered":"Links"},"content":{"rendered":"<p>DICTIONARY<\/p>\n<ul>\n<li>MR DICTIONARY <a href=\"http:\/\/mrsozluk.gen.tr\">http:\/\/mrsozluk.gen.tr<\/a><\/li>\n<\/ul>\n<p>ASSOCIATIONS<\/p>\n<ul>\n<li>Radiological Society of North America (RSNA),\u00a0\u00a0\u00a0\u00a0<a title=\"RSNA\" href=\"http:\/\/www.rsna.org\/\" target=\"_self\">http:\/\/www.rsna.org\/<\/a><\/li>\n<\/ul>\n<ul>\n<li>American Society of Neuroradiology (ASNR),\u00a0\u00a0<a href=\"http:\/\/www.asnr.org\/\">\u00a0http:\/\/www.asnr.org\/<\/a><\/li>\n<\/ul>\n<ul>\n<li>European Congress of Radiology (ECR),\u00a0\u00a0\u00a0<a href=\"http:\/\/www.myesr.org\/\" target=\"_self\">http:\/\/www.myesr.org<\/a><\/li>\n<\/ul>\n<ul>\n<li>European Society of Neuroradiology (ESNR),\u00a0\u00a0<a href=\"http:\/\/www.esnr.org\/\" target=\"_self\">\u00a0http:\/\/www.esnr.org\/<\/a><\/li>\n<\/ul>\n<ul>\n<li>European Society for Magnetic Resonance in Medicine and Biology (ESMRMB),\u00a0<a href=\"http:\/\/www.esmrmb.org\/\" target=\"_self\">http:\/\/www.esmrmb.org\/<\/a><\/li>\n<\/ul>\n<ul>\n<li>International Society for Magnetic Resonance in Medicine (ISMRM),\u00a0\u00a0\u00a0<a href=\"http:\/\/www.ismrm.org\/\" target=\"_self\">http:\/\/www.ismrm.org\/<\/a><\/li>\n<\/ul>\n<ul>\n<li>T\u00fcrk Radyoloji Derne\u011fi,\u00a0\u00a0\u00a0<a href=\"http:\/\/www.turkrad.org.tr\/\" target=\"_self\">http:\/\/www.turkrad.org.tr<\/a><\/li>\n<\/ul>\n<ul>\n<li>\u00a0T\u00fcrk Manyetik Rezonans Derne\u011fi,\u00a0\u00a0<a href=\"http:\/\/yeni.mrder.org.tr\/\" target=\"_self\">http:\/\/yeni.mrder.org.tr<\/a><\/li>\n<li>The Institute of Electrical and Electronics Engineers,\u00a0\u00a0\u00a0\u00a0<a href=\"http:\/\/www.ieee.org\/index.html\" target=\"_self\">\u00a0http:\/\/www.ieee.org\/index.html<\/a><\/li>\n<\/ul>\n<p>JOURNALS<\/p>\n<ul>\n<li>Journal of Magnetic Resonance Imaging,\u00a0<a href=\"http:\/\/onlinelibrary.wiley.com\/journal\/10.1002\/(ISSN)1522-2586\">\u00a0<\/a><\/li>\n<\/ul>\n<p><a href=\"http:\/\/onlinelibrary.wiley.com\/journal\/10.1002\/(ISSN)1522-2586\">http:\/\/onlinelibrary.wiley.com\/journal\/10.1002\/(ISSN)1522-2586<\/a><\/p>\n<ul>\n<li>\u00a0Magnetic Resonance in Medicine,\u00a0\u00a0<a href=\"http:\/\/onlinelibrary.wiley.com\/journal\/10.1002\/%28ISSN%291522-2594\" target=\"_self\">http:\/\/onlinelibrary.wiley.com\/journal\/10.1002\/(ISS)1522-2594<\/a><\/li>\n<\/ul>\n<ul>\n<li>\u00a0AJNR (American Journal of Neuroradiology),\u00a0<a href=\"http:\/\/www.ajnr.org\/content\/by\/year\">\u00a0http:\/\/www.ajnr.org\/content\/by\/year<\/a><\/li>\n<\/ul>\n<ul>\n<li>\u00a0European Journal of Radiology,<\/li>\n<\/ul>\n<p><a href=\"http:\/\/www.elsevier.com\/wps\/find\/journaldescription.cws_home\/506039\/description#description\">http:\/\/www.elsevier.com\/wps\/find\/journaldescription.cws_home\/506039\/description#description<\/a><\/p>\n<ul>\n<li>\n<address>\u00a0\u00a0Diagnostic and Interventional Radiology,\u00a0<a href=\"http:\/\/www.dirjournal.org\/\" target=\"_blank\" rel=\"noopener\">http:\/\/www.dirjournal.org\/<\/a><\/address>\n<\/li>\n<\/ul>\n<p>&nbsp;<\/p>\n<p>OFFICIAL ORGANIZATIONS<\/p>\n<ul>\n<li>\u00a0T.C. Resmi Gazete,\u00a0<a href=\"http:\/\/www.resmigazete.gov.tr\/\">\u00a0www.resmigazete.gov.tr<\/a><\/li>\n<\/ul>\n<ul>\n<li>T.C. Sa\u011fl\u0131k Bakanl\u0131\u011f\u0131,\u00a0<a href=\"http:\/\/www.saglik.gov.tr\/\" target=\"_self\">http:\/\/www.saglik.gov.tr\/<\/a><\/li>\n<\/ul>\n<ul>\n<li>T.C. Y\u00fcksek\u00f6\u011fretim Kurulu,\u00a0<a href=\"http:\/\/www.yok.gov.tr\/\" target=\"_self\">http:\/\/www.yok.gov.tr\/<\/a><\/li>\n<\/ul>\n<ul>\n<li>T\u00fcrkiye Atom Enerjisi Kurumu,<a href=\"http:\/\/www.umram.bilkent.edu.tr\/%20%20http:\/www.taek.gov.tr\/\" target=\"_self\">\u00a0 http:\/\/www.taek.gov.tr\/<\/a><\/li>\n<\/ul>\n<ul>\n<li>T\u00fcrkiye Bilimler Akademisi,\u00a0\u00a0\u00a0<a href=\"http:\/\/www.tuba.gov.tr\/\">\u00a0http:\/\/www.tuba.gov.tr\/<\/a><\/li>\n<\/ul>\n<ul>\n<li>T\u00fcrkiye Bilimsel ve Teknik Ara\u015ft\u0131rma Kurumu (T\u00dcB\u0130TAK),\u00a0\u00a0<a href=\"http:\/\/www.tubitak.gov.tr\/\" target=\"_self\">http:\/\/www.tubitak.gov.tr\/<\/a><\/li>\n<\/ul>\n","protected":false},"excerpt":{"rendered":"<p>DICTIONARY MR DICTIONARY http:\/\/mrsozluk.gen.tr ASSOCIATIONS Radiological Society of North America (RSNA),\u00a0\u00a0\u00a0\u00a0http:\/\/www.rsna.org\/ American Society of Neuroradiology (ASNR),\u00a0\u00a0\u00a0http:\/\/www.asnr.org\/ European Congress of Radiology (ECR),\u00a0\u00a0\u00a0http:\/\/www.myesr.org European Society of Neuroradiology (ESNR),\u00a0\u00a0\u00a0http:\/\/www.esnr.org\/ European Society for Magnetic Resonance in Medicine and Biology (ESMRMB),\u00a0http:\/\/www.esmrmb.org\/ International Society for Magnetic Resonance in Medicine (ISMRM),\u00a0\u00a0\u00a0http:\/\/www.ismrm.org\/ T\u00fcrk Radyoloji Derne\u011fi,\u00a0\u00a0\u00a0http:\/\/www.turkrad.org.tr \u00a0T\u00fcrk Manyetik Rezonans Derne\u011fi,\u00a0\u00a0http:\/\/yeni.mrder.org.tr The Institute of Electrical [&hellip;]<\/p>\n","protected":false},"author":1,"featured_media":0,"parent":0,"menu_order":0,"comment_status":"closed","ping_status":"closed","template":"","meta":[],"_links":{"self":[{"href":"https:\/\/umram.bilkent.edu.tr\/index.php\/wp-json\/wp\/v2\/pages\/3816"}],"collection":[{"href":"https:\/\/umram.bilkent.edu.tr\/index.php\/wp-json\/wp\/v2\/pages"}],"about":[{"href":"https:\/\/umram.bilkent.edu.tr\/index.php\/wp-json\/wp\/v2\/types\/page"}],"author":[{"embeddable":true,"href":"https:\/\/umram.bilkent.edu.tr\/index.php\/wp-json\/wp\/v2\/users\/1"}],"replies":[{"embeddable":true,"href":"https:\/\/umram.bilkent.edu.tr\/index.php\/wp-json\/wp\/v2\/comments?post=3816"}],"version-history":[{"count":2,"href":"https:\/\/umram.bilkent.edu.tr\/index.php\/wp-json\/wp\/v2\/pages\/3816\/revisions"}],"predecessor-version":[{"id":3836,"href":"https:\/\/umram.bilkent.edu.tr\/index.php\/wp-json\/wp\/v2\/pages\/3816\/revisions\/3836"}],"wp:attachment":[{"href":"https:\/\/umram.bilkent.edu.tr\/index.php\/wp-json\/wp\/v2\/media?parent=3816"}],"curies":[{"name":"wp","href":"https:\/\/api.w.org\/{rel}","templated":true}]}}